{"id":90,"date":"2022-07-21T12:01:45","date_gmt":"2022-07-21T10:01:45","guid":{"rendered":"http:\/\/cfshformationsport.com\/?page_id=90"},"modified":"2025-12-04T18:34:19","modified_gmt":"2025-12-04T17:34:19","slug":"formation-certifiante-mouvements-pour-le-corps-prevention-sante","status":"publish","type":"page","link":"https:\/\/cfshformationsport.com\/index.php\/formation-certifiante-mouvements-pour-le-corps-prevention-sante\/","title":{"rendered":"FORMATION CERTIFIANTE (\u00e9ligible aux financements de l&rsquo;\u00e9tat)"},"content":{"rendered":"<h6 style=\"text-align: center;\"><a href=\"http:\/\/cfshformationsport.com\/wp-content\/uploads\/2025\/12\/certificat-QUA006744-2024-02-05T11_06_14.786Z_0KB26E4X8ZAYH-2.pdf\">certificat-QUA006744-2024-02-05T11_06_14.786Z_0KB26E4X8ZAYH<\/a><\/h6>\n<h1 style=\"text-align: center;\"><span style=\"color: #0000ff;\"><strong>Formation CFSH\u00a0<\/strong><\/span><span style=\"color: #0000ff;\"><strong>Pr\u00e9vention Sant\u00e9 \/<\/strong><\/span><\/h1>\n<h1 style=\"text-align: center;\"><span style=\"color: #0000ff;\"><strong>\u00a0Option A (Mouvements pour le corps) et Option B (APA et \u00e9lectrostimulation musculaire (EMS))<\/strong><\/span><\/h1>\n<p>&nbsp;<\/p>\n<h2 style=\"text-align: center;\"><strong><span style=\"color: #0000ff;\">Dur\u00e9e : <\/span><\/strong><\/h2>\n<p style=\"text-align: center;\"><span style=\"color: #0000ff;\">37 heures de formation en pr\u00e9sentiel, alternance de th\u00e9orie et de pratique<\/span><\/p>\n<p style=\"text-align: center;\"><span style=\"color: #0000ff;\">Option A : (25 heures)<\/span><\/p>\n<p style=\"text-align: center;\"><span style=\"color: #0000ff;\">+ Option B : (12 heures)<\/span><\/p>\n<p style=\"text-align: center;\"><span style=\"color: #0000ff;\">Sur 10 jours<\/span><\/p>\n<p>&nbsp;<\/p>\n<h2 style=\"text-align: center;\"><span style=\"color: #0000ff;\"><strong>Inscription 2024 : <\/strong><\/span><\/h2>\n<p style=\"text-align: center;\"><span style=\"color: #0000ff;\"><span style=\"caret-color: #0000ff;\">Pour toute demande d&rsquo;inscription, veuillez nous contacter au 06 61 98 97 37 ou par email au cfsh@outlook.fr<\/span><\/span><\/p>\n<p>&nbsp;<\/p>\n<h2 style=\"text-align: center;\"><span style=\"color: #0000ff;\"><strong>Tarif \/Financement :\u00a0<\/strong><\/span><\/h2>\n<p style=\"text-align: center;\"><span style=\"color: #0000ff;\">2588 Euros\u00a0<\/span><\/p>\n<p style=\"text-align: center;\"><span style=\"color: #0000ff;\">Formation \u00e9ligible au financement selon la situation du candidat.<\/span><\/p>\n<p>&nbsp;<\/p>\n<h2 style=\"text-align: center;\"><span style=\"color: #0000ff;\"><strong>Pr\u00e9requis :<\/strong><\/span><\/h2>\n<p style=\"text-align: center;\"><span style=\"color: #0000ff;\"><strong>Motivation et i<\/strong><\/span><span style=\"color: #0000ff;\"><strong>mplication<\/strong> dans son parcours d&rsquo;insertion et d&rsquo;adaptation<\/span><\/p>\n<p style=\"text-align: center;\"><strong><span style=\"color: #0000ff;\">Niveau Brevet des coll\u00e8ges<\/span><\/strong><\/p>\n<p>&nbsp;<\/p>\n<h2 style=\"text-align: center;\"><strong><span style=\"color: #0000ff;\">Conditions d&rsquo;acc\u00e8s<\/span><\/strong><\/h2>\n<p style=\"text-align: center;\"><span style=\"color: #0000ff;\">le CFSH recrute sur dossier apr\u00e8s entretien individuel.<\/span><\/p>\n<p style=\"text-align: center;\"><span style=\"color: #0000ff;\">Avoir 16 ans minimum<\/span><\/p>\n<p style=\"text-align: center;\"><span style=\"color: #0000ff;\">Certificat m\u00e9dical d&rsquo;aptitude \u00e0 la pratique et \/ ou \u00e0 l&rsquo;enseignement de la pratique sportive<\/span><\/p>\n<p style=\"text-align: center;\"><span style=\"color: #0000ff;\">\u00catre titulaire d&rsquo;une Carte Nationale d&rsquo;identit\u00e9 en cours de validit\u00e9<\/span><\/p>\n<p style=\"text-align: center;\"><span style=\"color: #0000ff;\">Validation par le CFSH du dossier de candidature (parcours, objectifs, motivation, financement)<\/span><\/p>\n<p style=\"text-align: center;\"><span style=\"color: #0000ff;\">Une \u00e9valuation de besoin sera propos\u00e9e pour analyser l&rsquo;ad\u00e9quation du besoin de formation avec les formations dispens\u00e9es<\/span><\/p>\n<p style=\"text-align: center;\"><span style=\"color: #0000ff;\">Un test de positionnement sera propos\u00e9 pour adapter la formation avec le niveau de connaissance du stagiaire<\/span><\/p>\n<h2><\/h2>\n<h2 style=\"text-align: center;\"><strong><span style=\"color: #0000ff;\">D\u00e9lais d&rsquo;acc\u00e8s :<\/span><\/strong><\/h2>\n<p><span style=\"color: #0000ff;\">Un d\u00e9lai minimum et incompressible de 14 jours entre l&rsquo;inscription et l&rsquo;acc\u00e8s \u00e0 la formation est appliqu\u00e9<\/span><\/p>\n<h2><\/h2>\n<h2 style=\"text-align: center;\"><strong><span style=\"color: #0000ff;\">Lieu de d\u00e9roulement :<\/span><\/strong><\/h2>\n<p style=\"text-align: center;\"><span style=\"color: #0000ff;\">Toulon (Salle de formation au stade nautique du Port-Marchand \/ Complexe sportif des plages du Mourillon)<\/span><\/p>\n<p>&nbsp;<\/p>\n<h2 style=\"text-align: center;\"><span style=\"color: #0000ff;\"><strong>Moyens :<\/strong><\/span><\/h2>\n<p style=\"text-align: center;\"><span style=\"color: #0000ff;\">Durant la formation, le CFSH \u00e9value les connaissances acquises en proposant les diff\u00e9rents supports n\u00e9cessaires pour privil\u00e9gier la compr\u00e9hension et ainsi p\u00e9renniser la m\u00e9morisation du contenu de la formation sur le long terme, et valider l\u2019efficacit\u00e9 du dispositif.<\/span><\/p>\n<p style=\"text-align: center;\">\u00a0 <span style=\"color: #0000ff;\">La formation se d\u00e9roule en pr\u00e9sentiel uniquement.<\/span><\/p>\n<p style=\"text-align: center;\"><span style=\"color: #0000ff;\"><u>Le d\u00e9roulement p\u00e9dagogique de cette formation<\/u> est pr\u00e9par\u00e9 et con\u00e7u par le CFSH pour s\u2019adapter aux profils de tout public afin de d\u00e9velopper vos comp\u00e9tences en lien ou non avec votre poste de travail et obtenir une qualification plus \u00e9lev\u00e9e.<\/span><\/p>\n<p>&nbsp;<\/p>\n<h2 style=\"text-align: center;\"><span style=\"color: #0000ff;\"><strong>Programme :<\/strong><\/span><\/h2>\n<p style=\"text-align: center;\"><span style=\"color: #0000ff;\"><span style=\"caret-color: #0000ff;\">Pour consulter le programme d\u00e9taill\u00e9, veuillez nous contacter au 06 61 98 97 37 ou par email au cfsh@outlook.fr<\/span><\/span><\/p>\n<p>&nbsp;<\/p>\n<p>&nbsp;<\/p>\n<h2 style=\"text-align: center;\"><span style=\"color: #0000ff;\"><strong>Effectif moyen :<\/strong> <\/span><\/h2>\n<p style=\"text-align: center;\"><span style=\"color: #0000ff;\">20 personnes<\/span><\/p>\n<p>&nbsp;<\/p>\n<h2 style=\"text-align: center;\"><span style=\"color: #0000ff;\"><strong>R\u00e9mun\u00e9ration :<\/strong> <\/span><\/h2>\n<p style=\"text-align: center;\"><span style=\"color: #0000ff;\">Non<\/span><\/p>\n<p>&nbsp;<\/p>\n<p>&nbsp;<\/p>\n<h3 style=\"text-align: center;\"><span style=\"color: #0000ff;\">Venez d\u00e9couvrir cette formation li\u00e9e \u00e0 l\u2019acquisition d\u2019une base de comp\u00e9tences et de connaissances professionnelles donnant lieu \u00e0 une certification professionnelle reconnue.<\/span><\/h3>\n<p>&nbsp;<\/p>\n<h1><span style=\"color: #0000ff;\">Pourquoi cette formation est faite pour vous ?<\/span><\/h1>\n<p>&nbsp;<\/p>\n<h3><strong><span style=\"color: #0000ff;\">Notre formation est une action de pr\u00e9vention Sant\u00e9 et de s\u00e9curisation de votre parcours professionnel gr\u00e2ce \u00e0 l&rsquo;apprentissage de comp\u00e9tences anatomiques et biom\u00e9caniques du corps humain. Elle vous permettra \u00a0de d\u00e9couvrir l&rsquo;anatomie fonctionnelle et comprendre l&rsquo;importance de la posture dans la mobilit\u00e9 du corps humain.<\/span><\/strong><\/h3>\n<h1><span style=\"color: #0000ff;\"><strong>Gr\u00e2ce \u00e0 cette formation, vous gagnerez en agilit\u00e9, en connaissances utiles pour occuper votre poste, et vous pourrez accro\u00eetre votre employabilit\u00e9 en d\u00e9veloppant de nouvelles possibilit\u00e9s de carri\u00e8re.<\/strong><\/span><\/h1>\n<p>&nbsp;<\/p>\n<p>&nbsp;<\/p>\n","protected":false},"excerpt":{"rendered":"<p>certificat-QUA006744-2024-02-05T11_06_14.786Z_0KB26E4X8ZAYH Formation CFSH\u00a0Pr\u00e9vention Sant\u00e9 \/ \u00a0Option A (Mouvements pour le corps) et Option B (APA et \u00e9lectrostimulation musculaire (EMS)) &nbsp; Dur\u00e9e : 37 heures de formation en pr\u00e9sentiel, alternance de th\u00e9orie et de pratique Option A : (25 heures) + Option B : (12 heures) Sur 10 jours &nbsp; Inscription 2024 : Pour toute demande [&hellip;]<\/p>\n","protected":false},"author":1,"featured_media":119,"parent":0,"menu_order":0,"comment_status":"closed","ping_status":"closed","template":"","meta":{"footnotes":""},"class_list":["post-90","page","type-page","status-publish","has-post-thumbnail","hentry"],"yoast_head":"<!-- This site is optimized with the Yoast SEO plugin v19.4 - https:\/\/yoast.com\/wordpress\/plugins\/seo\/ -->\n<title>FORMATION CERTIFIANTE (\u00e9ligible aux financements de l&#039;\u00e9tat) - CFSH FORMATION SPORT<\/title>\n<meta name=\"description\" content=\"Cette formation professionnelle sportive adapt\u00e9e est une action de pr\u00e9vention Sant\u00e9 et de s\u00e9curisation de votre parcours professionnel\" \/>\n<meta name=\"robots\" content=\"index, follow, max-snippet:-1, max-image-preview:large, max-video-preview:-1\" \/>\n<link rel=\"canonical\" href=\"https:\/\/cfshformationsport.com\/index.php\/formation-certifiante-mouvements-pour-le-corps-prevention-sante\/\" \/>\n<meta property=\"og:locale\" content=\"fr_FR\" \/>\n<meta property=\"og:type\" content=\"article\" \/>\n<meta property=\"og:title\" content=\"FORMATION CERTIFIANTE (\u00e9ligible aux financements de l&#039;\u00e9tat) - CFSH FORMATION SPORT\" \/>\n<meta property=\"og:description\" content=\"Cette formation professionnelle sportive adapt\u00e9e est une action de pr\u00e9vention Sant\u00e9 et de s\u00e9curisation de votre parcours professionnel\" \/>\n<meta property=\"og:url\" content=\"https:\/\/cfshformationsport.com\/index.php\/formation-certifiante-mouvements-pour-le-corps-prevention-sante\/\" \/>\n<meta property=\"og:site_name\" content=\"CFSH FORMATION SPORT\" \/>\n<meta property=\"article:modified_time\" content=\"2025-12-04T17:34:19+00:00\" \/>\n<meta property=\"og:image\" content=\"https:\/\/cfshformationsport.com\/wp-content\/uploads\/2022\/07\/IMG_1222-copie.jpg\" \/>\n\t<meta property=\"og:image:width\" content=\"828\" \/>\n\t<meta property=\"og:image:height\" content=\"657\" \/>\n\t<meta property=\"og:image:type\" content=\"image\/jpeg\" \/>\n<meta name=\"twitter:card\" content=\"summary_large_image\" \/>\n<meta name=\"twitter:label1\" content=\"Dur\u00e9e de lecture estim\u00e9e\" \/>\n\t<meta name=\"twitter:data1\" content=\"3 minutes\" \/>\n<script type=\"application\/ld+json\" class=\"yoast-schema-graph\">{\"@context\":\"https:\/\/schema.org\",\"@graph\":[{\"@type\":\"Organization\",\"@id\":\"https:\/\/cfshformationsport.com\/#organization\",\"name\":\"CFSH Centre de Formation Sandra Higelin\",\"url\":\"https:\/\/cfshformationsport.com\/\",\"sameAs\":[],\"logo\":{\"@type\":\"ImageObject\",\"inLanguage\":\"fr-FR\",\"@id\":\"https:\/\/cfshformationsport.com\/#\/schema\/logo\/image\/\",\"url\":\"http:\/\/cfshformationsport.com\/wp-content\/uploads\/2022\/07\/cropped-cropped-cropped-logo_size-1.jpg\",\"contentUrl\":\"http:\/\/cfshformationsport.com\/wp-content\/uploads\/2022\/07\/cropped-cropped-cropped-logo_size-1.jpg\",\"width\":150,\"height\":38,\"caption\":\"CFSH Centre de Formation Sandra Higelin\"},\"image\":{\"@id\":\"https:\/\/cfshformationsport.com\/#\/schema\/logo\/image\/\"}},{\"@type\":\"WebSite\",\"@id\":\"https:\/\/cfshformationsport.com\/#website\",\"url\":\"https:\/\/cfshformationsport.com\/\",\"name\":\"CFSH FORMATION SPORT\",\"description\":\"&quot;certifi\u00e9 au titre de l&#039;action de formation&quot; \",\"publisher\":{\"@id\":\"https:\/\/cfshformationsport.com\/#organization\"},\"potentialAction\":[{\"@type\":\"SearchAction\",\"target\":{\"@type\":\"EntryPoint\",\"urlTemplate\":\"https:\/\/cfshformationsport.com\/?s={search_term_string}\"},\"query-input\":\"required name=search_term_string\"}],\"inLanguage\":\"fr-FR\"},{\"@type\":\"WebPage\",\"@id\":\"https:\/\/cfshformationsport.com\/index.php\/formation-certifiante-mouvements-pour-le-corps-prevention-sante\/\",\"url\":\"https:\/\/cfshformationsport.com\/index.php\/formation-certifiante-mouvements-pour-le-corps-prevention-sante\/\",\"name\":\"FORMATION CERTIFIANTE (\u00e9ligible aux financements de l'\u00e9tat) - CFSH FORMATION SPORT\",\"isPartOf\":{\"@id\":\"https:\/\/cfshformationsport.com\/#website\"},\"datePublished\":\"2022-07-21T10:01:45+00:00\",\"dateModified\":\"2025-12-04T17:34:19+00:00\",\"description\":\"Cette formation professionnelle sportive adapt\u00e9e est une action de pr\u00e9vention Sant\u00e9 et de s\u00e9curisation de votre parcours professionnel\",\"breadcrumb\":{\"@id\":\"https:\/\/cfshformationsport.com\/index.php\/formation-certifiante-mouvements-pour-le-corps-prevention-sante\/#breadcrumb\"},\"inLanguage\":\"fr-FR\",\"potentialAction\":[{\"@type\":\"ReadAction\",\"target\":[\"https:\/\/cfshformationsport.com\/index.php\/formation-certifiante-mouvements-pour-le-corps-prevention-sante\/\"]}]},{\"@type\":\"BreadcrumbList\",\"@id\":\"https:\/\/cfshformationsport.com\/index.php\/formation-certifiante-mouvements-pour-le-corps-prevention-sante\/#breadcrumb\",\"itemListElement\":[{\"@type\":\"ListItem\",\"position\":1,\"name\":\"Accueil\",\"item\":\"https:\/\/cfshformationsport.com\/\"},{\"@type\":\"ListItem\",\"position\":2,\"name\":\"FORMATION CERTIFIANTE (\u00e9ligible aux financements de l&rsquo;\u00e9tat)\"}]}]}<\/script>\n<!-- \/ Yoast SEO plugin. -->","yoast_head_json":{"title":"FORMATION CERTIFIANTE (\u00e9ligible aux financements de l'\u00e9tat) - CFSH FORMATION SPORT","description":"Cette formation professionnelle sportive adapt\u00e9e est une action de pr\u00e9vention Sant\u00e9 et de s\u00e9curisation de votre parcours professionnel","robots":{"index":"index","follow":"follow","max-snippet":"max-snippet:-1","max-image-preview":"max-image-preview:large","max-video-preview":"max-video-preview:-1"},"canonical":"https:\/\/cfshformationsport.com\/index.php\/formation-certifiante-mouvements-pour-le-corps-prevention-sante\/","og_locale":"fr_FR","og_type":"article","og_title":"FORMATION CERTIFIANTE (\u00e9ligible aux financements de l'\u00e9tat) - CFSH FORMATION SPORT","og_description":"Cette formation professionnelle sportive adapt\u00e9e est une action de pr\u00e9vention Sant\u00e9 et de s\u00e9curisation de votre parcours professionnel","og_url":"https:\/\/cfshformationsport.com\/index.php\/formation-certifiante-mouvements-pour-le-corps-prevention-sante\/","og_site_name":"CFSH FORMATION SPORT","article_modified_time":"2025-12-04T17:34:19+00:00","og_image":[{"width":828,"height":657,"url":"https:\/\/cfshformationsport.com\/wp-content\/uploads\/2022\/07\/IMG_1222-copie.jpg","type":"image\/jpeg"}],"twitter_card":"summary_large_image","twitter_misc":{"Dur\u00e9e de lecture estim\u00e9e":"3 minutes"},"schema":{"@context":"https:\/\/schema.org","@graph":[{"@type":"Organization","@id":"https:\/\/cfshformationsport.com\/#organization","name":"CFSH Centre de Formation Sandra Higelin","url":"https:\/\/cfshformationsport.com\/","sameAs":[],"logo":{"@type":"ImageObject","inLanguage":"fr-FR","@id":"https:\/\/cfshformationsport.com\/#\/schema\/logo\/image\/","url":"http:\/\/cfshformationsport.com\/wp-content\/uploads\/2022\/07\/cropped-cropped-cropped-logo_size-1.jpg","contentUrl":"http:\/\/cfshformationsport.com\/wp-content\/uploads\/2022\/07\/cropped-cropped-cropped-logo_size-1.jpg","width":150,"height":38,"caption":"CFSH Centre de Formation Sandra Higelin"},"image":{"@id":"https:\/\/cfshformationsport.com\/#\/schema\/logo\/image\/"}},{"@type":"WebSite","@id":"https:\/\/cfshformationsport.com\/#website","url":"https:\/\/cfshformationsport.com\/","name":"CFSH FORMATION SPORT","description":"&quot;certifi\u00e9 au titre de l&#039;action de formation&quot; ","publisher":{"@id":"https:\/\/cfshformationsport.com\/#organization"},"potentialAction":[{"@type":"SearchAction","target":{"@type":"EntryPoint","urlTemplate":"https:\/\/cfshformationsport.com\/?s={search_term_string}"},"query-input":"required name=search_term_string"}],"inLanguage":"fr-FR"},{"@type":"WebPage","@id":"https:\/\/cfshformationsport.com\/index.php\/formation-certifiante-mouvements-pour-le-corps-prevention-sante\/","url":"https:\/\/cfshformationsport.com\/index.php\/formation-certifiante-mouvements-pour-le-corps-prevention-sante\/","name":"FORMATION CERTIFIANTE (\u00e9ligible aux financements de l'\u00e9tat) - CFSH FORMATION SPORT","isPartOf":{"@id":"https:\/\/cfshformationsport.com\/#website"},"datePublished":"2022-07-21T10:01:45+00:00","dateModified":"2025-12-04T17:34:19+00:00","description":"Cette formation professionnelle sportive adapt\u00e9e est une action de pr\u00e9vention Sant\u00e9 et de s\u00e9curisation de votre parcours professionnel","breadcrumb":{"@id":"https:\/\/cfshformationsport.com\/index.php\/formation-certifiante-mouvements-pour-le-corps-prevention-sante\/#breadcrumb"},"inLanguage":"fr-FR","potentialAction":[{"@type":"ReadAction","target":["https:\/\/cfshformationsport.com\/index.php\/formation-certifiante-mouvements-pour-le-corps-prevention-sante\/"]}]},{"@type":"BreadcrumbList","@id":"https:\/\/cfshformationsport.com\/index.php\/formation-certifiante-mouvements-pour-le-corps-prevention-sante\/#breadcrumb","itemListElement":[{"@type":"ListItem","position":1,"name":"Accueil","item":"https:\/\/cfshformationsport.com\/"},{"@type":"ListItem","position":2,"name":"FORMATION CERTIFIANTE (\u00e9ligible aux financements de l&rsquo;\u00e9tat)"}]}]}},"_links":{"self":[{"href":"https:\/\/cfshformationsport.com\/index.php\/wp-json\/wp\/v2\/pages\/90","targetHints":{"allow":["GET"]}}],"collection":[{"href":"https:\/\/cfshformationsport.com\/index.php\/wp-json\/wp\/v2\/pages"}],"about":[{"href":"https:\/\/cfshformationsport.com\/index.php\/wp-json\/wp\/v2\/types\/page"}],"author":[{"embeddable":true,"href":"https:\/\/cfshformationsport.com\/index.php\/wp-json\/wp\/v2\/users\/1"}],"replies":[{"embeddable":true,"href":"https:\/\/cfshformationsport.com\/index.php\/wp-json\/wp\/v2\/comments?post=90"}],"version-history":[{"count":41,"href":"https:\/\/cfshformationsport.com\/index.php\/wp-json\/wp\/v2\/pages\/90\/revisions"}],"predecessor-version":[{"id":464,"href":"https:\/\/cfshformationsport.com\/index.php\/wp-json\/wp\/v2\/pages\/90\/revisions\/464"}],"wp:featuredmedia":[{"embeddable":true,"href":"https:\/\/cfshformationsport.com\/index.php\/wp-json\/wp\/v2\/media\/119"}],"wp:attachment":[{"href":"https:\/\/cfshformationsport.com\/index.php\/wp-json\/wp\/v2\/media?parent=90"}],"curies":[{"name":"wp","href":"https:\/\/api.w.org\/{rel}","templated":true}]}}