{"id":8,"date":"2022-07-20T22:50:34","date_gmt":"2022-07-20T20:50:34","guid":{"rendered":"http:\/\/cfshformationsport.com\/?page_id=8"},"modified":"2025-06-24T18:16:05","modified_gmt":"2025-06-24T16:16:05","slug":"blog","status":"publish","type":"page","link":"https:\/\/cfshformationsport.com\/index.php\/blog\/","title":{"rendered":"Contact"},"content":{"rendered":"<h2 style=\"text-align: center;\"><strong>Si\u00e8ge CFSH Formation Sport : <\/strong><\/h2>\n<p style=\"text-align: center;\"><strong>Le Nautile C, 96 rue Marie-Th\u00e9r\u00e8se 83000 Toulon\u00a0<\/strong><\/p>\n<p>&nbsp;<\/p>\n<p style=\"text-align: center;\"><span style=\"color: #0000ff;\"><strong>Vous souhaitez prendre un rendez-vous pour une inscription ou des renseignements compl\u00e9mentaires, veuillez nous contacter au 06 61 98 97 37 ou par email au cfsh@outlook.fr<\/strong><\/span><\/p>\n<p>&nbsp;<\/p>\n<p style=\"text-align: center;\"><strong>L&rsquo;accueil sur RDV est possible le lundi entre 10h et 13h et le jeudi entre 13h30 et 17h<\/strong><\/p>\n<p style=\"text-align: center;\">\u00e0 l&rsquo;adresse suivante : Salle polyvalente &#8211; Stade nautique du Port-Marchand 83000 Toulon<\/p>\n<p>&nbsp;<\/p>\n<p style=\"text-align: center;\">Siret : 91480897700013 R.C.S. Toulon<\/p>\n<p style=\"text-align: center;\">TVA intracommunautaire FR26914808977<\/p>\n<p style=\"font-weight: 400; text-align: center;\">Enregistr\u00e9 sous le 93830694783<\/p>\n<p style=\"text-align: center;\">Accr\u00e9ditation N\u00b0 5-0616 \/ Certificat QUA006744<\/p>\n<p style=\"font-weight: 400; text-align: center;\">Copyright \u00a9 CFSH 2025 \u2013 Marque d\u00e9pos\u00e9e INPI 2022<\/p>\n<p>&nbsp;<\/p>\n<p style=\"text-align: center;\">\n","protected":false},"excerpt":{"rendered":"<p>Si\u00e8ge CFSH Formation Sport : Le Nautile C, 96 rue Marie-Th\u00e9r\u00e8se 83000 Toulon\u00a0 &nbsp; Vous souhaitez prendre un rendez-vous pour une inscription ou des renseignements compl\u00e9mentaires, veuillez nous contacter au 06 61 98 97 37 ou par email au cfsh@outlook.fr &nbsp; L&rsquo;accueil sur RDV est possible le lundi entre 10h et 13h et le jeudi [&hellip;]<\/p>\n","protected":false},"author":1,"featured_media":13,"parent":0,"menu_order":0,"comment_status":"closed","ping_status":"closed","template":"","meta":{"footnotes":""},"class_list":["post-8","page","type-page","status-publish","has-post-thumbnail","hentry"],"yoast_head":"<!-- This site is optimized with the Yoast SEO plugin v19.4 - https:\/\/yoast.com\/wordpress\/plugins\/seo\/ -->\n<title>Contact - CFSH FORMATION SPORT<\/title>\n<meta name=\"robots\" content=\"index, follow, max-snippet:-1, max-image-preview:large, max-video-preview:-1\" \/>\n<link rel=\"canonical\" href=\"http:\/\/cfshformationsport.com\/index.php\/blog\/\" \/>\n<meta property=\"og:locale\" content=\"fr_FR\" \/>\n<meta property=\"og:type\" content=\"article\" \/>\n<meta property=\"og:title\" content=\"Contact - CFSH FORMATION SPORT\" \/>\n<meta property=\"og:description\" content=\"Si\u00e8ge CFSH Formation Sport : Le Nautile C, 96 rue Marie-Th\u00e9r\u00e8se 83000 Toulon\u00a0 &nbsp; Vous souhaitez prendre un rendez-vous pour une inscription ou des renseignements compl\u00e9mentaires, veuillez nous contacter au 06 61 98 97 37 ou par email au cfsh@outlook.fr &nbsp; L&rsquo;accueil sur RDV est possible le lundi entre 10h et 13h et le jeudi [&hellip;]\" \/>\n<meta property=\"og:url\" content=\"http:\/\/cfshformationsport.com\/index.php\/blog\/\" \/>\n<meta property=\"og:site_name\" content=\"CFSH FORMATION SPORT\" \/>\n<meta property=\"article:modified_time\" content=\"2025-06-24T16:16:05+00:00\" \/>\n<meta property=\"og:image\" content=\"http:\/\/cfshformationsport.com\/wp-content\/uploads\/2022\/07\/IMG_0323-scaled.jpeg\" \/>\n\t<meta property=\"og:image:width\" content=\"1920\" \/>\n\t<meta property=\"og:image:height\" content=\"2560\" \/>\n\t<meta property=\"og:image:type\" content=\"image\/jpeg\" \/>\n<meta name=\"twitter:card\" content=\"summary_large_image\" \/>\n<meta name=\"twitter:label1\" content=\"Dur\u00e9e de lecture estim\u00e9e\" \/>\n\t<meta name=\"twitter:data1\" content=\"1 minute\" \/>\n<script type=\"application\/ld+json\" class=\"yoast-schema-graph\">{\"@context\":\"https:\/\/schema.org\",\"@graph\":[{\"@type\":\"Organization\",\"@id\":\"https:\/\/cfshformationsport.com\/#organization\",\"name\":\"CFSH Centre de Formation Sandra Higelin\",\"url\":\"https:\/\/cfshformationsport.com\/\",\"sameAs\":[],\"logo\":{\"@type\":\"ImageObject\",\"inLanguage\":\"fr-FR\",\"@id\":\"https:\/\/cfshformationsport.com\/#\/schema\/logo\/image\/\",\"url\":\"http:\/\/cfshformationsport.com\/wp-content\/uploads\/2022\/07\/cropped-cropped-cropped-logo_size-1.jpg\",\"contentUrl\":\"http:\/\/cfshformationsport.com\/wp-content\/uploads\/2022\/07\/cropped-cropped-cropped-logo_size-1.jpg\",\"width\":150,\"height\":38,\"caption\":\"CFSH Centre de Formation Sandra Higelin\"},\"image\":{\"@id\":\"https:\/\/cfshformationsport.com\/#\/schema\/logo\/image\/\"}},{\"@type\":\"WebSite\",\"@id\":\"https:\/\/cfshformationsport.com\/#website\",\"url\":\"https:\/\/cfshformationsport.com\/\",\"name\":\"CFSH FORMATION SPORT\",\"description\":\"&quot;certifi\u00e9 au titre de l&#039;action de formation&quot; \",\"publisher\":{\"@id\":\"https:\/\/cfshformationsport.com\/#organization\"},\"potentialAction\":[{\"@type\":\"SearchAction\",\"target\":{\"@type\":\"EntryPoint\",\"urlTemplate\":\"https:\/\/cfshformationsport.com\/?s={search_term_string}\"},\"query-input\":\"required name=search_term_string\"}],\"inLanguage\":\"fr-FR\"},{\"@type\":\"WebPage\",\"@id\":\"http:\/\/cfshformationsport.com\/index.php\/blog\/\",\"url\":\"http:\/\/cfshformationsport.com\/index.php\/blog\/\",\"name\":\"Contact - CFSH FORMATION SPORT\",\"isPartOf\":{\"@id\":\"https:\/\/cfshformationsport.com\/#website\"},\"datePublished\":\"2022-07-20T20:50:34+00:00\",\"dateModified\":\"2025-06-24T16:16:05+00:00\",\"breadcrumb\":{\"@id\":\"http:\/\/cfshformationsport.com\/index.php\/blog\/#breadcrumb\"},\"inLanguage\":\"fr-FR\",\"potentialAction\":[{\"@type\":\"ReadAction\",\"target\":[\"http:\/\/cfshformationsport.com\/index.php\/blog\/\"]}]},{\"@type\":\"BreadcrumbList\",\"@id\":\"http:\/\/cfshformationsport.com\/index.php\/blog\/#breadcrumb\",\"itemListElement\":[{\"@type\":\"ListItem\",\"position\":1,\"name\":\"Accueil\",\"item\":\"https:\/\/cfshformationsport.com\/\"},{\"@type\":\"ListItem\",\"position\":2,\"name\":\"Contact\"}]}]}<\/script>\n<!-- \/ Yoast SEO plugin. -->","yoast_head_json":{"title":"Contact - CFSH FORMATION SPORT","robots":{"index":"index","follow":"follow","max-snippet":"max-snippet:-1","max-image-preview":"max-image-preview:large","max-video-preview":"max-video-preview:-1"},"canonical":"http:\/\/cfshformationsport.com\/index.php\/blog\/","og_locale":"fr_FR","og_type":"article","og_title":"Contact - CFSH FORMATION SPORT","og_description":"Si\u00e8ge CFSH Formation Sport : Le Nautile C, 96 rue Marie-Th\u00e9r\u00e8se 83000 Toulon\u00a0 &nbsp; Vous souhaitez prendre un rendez-vous pour une inscription ou des renseignements compl\u00e9mentaires, veuillez nous contacter au 06 61 98 97 37 ou par email au cfsh@outlook.fr &nbsp; L&rsquo;accueil sur RDV est possible le lundi entre 10h et 13h et le jeudi [&hellip;]","og_url":"http:\/\/cfshformationsport.com\/index.php\/blog\/","og_site_name":"CFSH FORMATION SPORT","article_modified_time":"2025-06-24T16:16:05+00:00","og_image":[{"width":1920,"height":2560,"url":"http:\/\/cfshformationsport.com\/wp-content\/uploads\/2022\/07\/IMG_0323-scaled.jpeg","type":"image\/jpeg"}],"twitter_card":"summary_large_image","twitter_misc":{"Dur\u00e9e de lecture estim\u00e9e":"1 minute"},"schema":{"@context":"https:\/\/schema.org","@graph":[{"@type":"Organization","@id":"https:\/\/cfshformationsport.com\/#organization","name":"CFSH Centre de Formation Sandra Higelin","url":"https:\/\/cfshformationsport.com\/","sameAs":[],"logo":{"@type":"ImageObject","inLanguage":"fr-FR","@id":"https:\/\/cfshformationsport.com\/#\/schema\/logo\/image\/","url":"http:\/\/cfshformationsport.com\/wp-content\/uploads\/2022\/07\/cropped-cropped-cropped-logo_size-1.jpg","contentUrl":"http:\/\/cfshformationsport.com\/wp-content\/uploads\/2022\/07\/cropped-cropped-cropped-logo_size-1.jpg","width":150,"height":38,"caption":"CFSH Centre de Formation Sandra Higelin"},"image":{"@id":"https:\/\/cfshformationsport.com\/#\/schema\/logo\/image\/"}},{"@type":"WebSite","@id":"https:\/\/cfshformationsport.com\/#website","url":"https:\/\/cfshformationsport.com\/","name":"CFSH FORMATION SPORT","description":"&quot;certifi\u00e9 au titre de l&#039;action de formation&quot; ","publisher":{"@id":"https:\/\/cfshformationsport.com\/#organization"},"potentialAction":[{"@type":"SearchAction","target":{"@type":"EntryPoint","urlTemplate":"https:\/\/cfshformationsport.com\/?s={search_term_string}"},"query-input":"required name=search_term_string"}],"inLanguage":"fr-FR"},{"@type":"WebPage","@id":"http:\/\/cfshformationsport.com\/index.php\/blog\/","url":"http:\/\/cfshformationsport.com\/index.php\/blog\/","name":"Contact - CFSH FORMATION SPORT","isPartOf":{"@id":"https:\/\/cfshformationsport.com\/#website"},"datePublished":"2022-07-20T20:50:34+00:00","dateModified":"2025-06-24T16:16:05+00:00","breadcrumb":{"@id":"http:\/\/cfshformationsport.com\/index.php\/blog\/#breadcrumb"},"inLanguage":"fr-FR","potentialAction":[{"@type":"ReadAction","target":["http:\/\/cfshformationsport.com\/index.php\/blog\/"]}]},{"@type":"BreadcrumbList","@id":"http:\/\/cfshformationsport.com\/index.php\/blog\/#breadcrumb","itemListElement":[{"@type":"ListItem","position":1,"name":"Accueil","item":"https:\/\/cfshformationsport.com\/"},{"@type":"ListItem","position":2,"name":"Contact"}]}]}},"_links":{"self":[{"href":"https:\/\/cfshformationsport.com\/index.php\/wp-json\/wp\/v2\/pages\/8","targetHints":{"allow":["GET"]}}],"collection":[{"href":"https:\/\/cfshformationsport.com\/index.php\/wp-json\/wp\/v2\/pages"}],"about":[{"href":"https:\/\/cfshformationsport.com\/index.php\/wp-json\/wp\/v2\/types\/page"}],"author":[{"embeddable":true,"href":"https:\/\/cfshformationsport.com\/index.php\/wp-json\/wp\/v2\/users\/1"}],"replies":[{"embeddable":true,"href":"https:\/\/cfshformationsport.com\/index.php\/wp-json\/wp\/v2\/comments?post=8"}],"version-history":[{"count":24,"href":"https:\/\/cfshformationsport.com\/index.php\/wp-json\/wp\/v2\/pages\/8\/revisions"}],"predecessor-version":[{"id":452,"href":"https:\/\/cfshformationsport.com\/index.php\/wp-json\/wp\/v2\/pages\/8\/revisions\/452"}],"wp:featuredmedia":[{"embeddable":true,"href":"https:\/\/cfshformationsport.com\/index.php\/wp-json\/wp\/v2\/media\/13"}],"wp:attachment":[{"href":"https:\/\/cfshformationsport.com\/index.php\/wp-json\/wp\/v2\/media?parent=8"}],"curies":[{"name":"wp","href":"https:\/\/api.w.org\/{rel}","templated":true}]}}