{"id":74,"date":"2022-07-21T10:13:14","date_gmt":"2022-07-21T08:13:14","guid":{"rendered":"http:\/\/cfshformationsport.com\/?page_id=74"},"modified":"2025-04-03T15:22:57","modified_gmt":"2025-04-03T13:22:57","slug":"suivre-une-formation-cfsh","status":"publish","type":"page","link":"https:\/\/cfshformationsport.com\/index.php\/suivre-une-formation-cfsh\/","title":{"rendered":"Suivre une formation CFSH"},"content":{"rendered":"<h6 style=\"text-align: center;\"><\/h6>\n<h1><span style=\"color: #0000ff;\"><em>Vous voici sur notre page formation CFSH !<\/em><\/span><\/h1>\n<h2><span style=\"color: #0000ff;\"><em>J&rsquo;aimerais vous parler du fonctionnement de notre organisme de formation et de sa simplicit\u00e9 d&rsquo;acc\u00e8s \u00e0 tout public.<\/em><\/span><\/h2>\n<h2><strong>Vous souhaitez faire une formation professionnelle et obtenir des renseignements sur le CFSH ?<\/strong><\/h2>\n<p>Pour commencer, nous vous proposons de prendre contact directement par mail ou par t\u00e9l\u00e9phone au 06 61 98 97 37 pour un premier entretien d&rsquo;accueil et d&rsquo;information. Nous vous \u00e9couterons dans votre projet professionnel et pourrons vous amener en toute simplicit\u00e9 \u00e0 d\u00e9terminer vos objectifs (mobilit\u00e9, pr\u00e9vention sant\u00e9, acc\u00e8s aux droits, insertion professionnelle&#8230;)<\/p>\n<p>Lancez-vous, le CFSH vous guidera et vous accompagnera vers les solutions de formation les plus adapt\u00e9es \u00e0 votre projet professionnel.<\/p>\n<p>&nbsp;<\/p>\n<h2><strong>Avant tout, les formations propos\u00e9es par le CFSH sont \u00e9ligibles au CPF :<\/strong><\/h2>\n<p>Pensez \u00e0 vous connecter sur votre compte personnel de formation afin d&rsquo;y v\u00e9rifier et comptabiliser vos heures acquises durant vos ann\u00e9es de travail.<\/p>\n<p>Le CFSH propose des formations li\u00e9es \u00e0 l&rsquo;acquisition d&rsquo;une base de comp\u00e9tences et de connaissances professionnelles. Nous vous donnerons l&rsquo;acc\u00e8s \u00e0 une certification professionnelle ou \u00e0 un dipl\u00f4me reconnus.<\/p>\n<p>&nbsp;<\/p>\n<h2><strong>Nous adaptons aussi nos dispositifs d&rsquo;accueil : <\/strong><\/h2>\n<p>L&rsquo;acc\u00e8s \u00e0 la formation est un droit reconnu \u00e0 tous les citoyens actifs. Nous avons pour objectifs de permettre \u00e9galement aux travailleurs handicap\u00e9s, de cr\u00e9er la plus grande autonomie possible, de circuler, d&rsquo;acc\u00e9der \u00e0 nos locaux et \u00e9quipements afin de permettre aux personnes \u00e0 mobilit\u00e9 r\u00e9duite de vivre leur formation de fa\u00e7on ind\u00e9pendante et de jouir pleinement de toutes les libert\u00e9s.<\/p>\n<p>Nous veillons chaque jour \u00e0 am\u00e9liorer notre qualit\u00e9 d&rsquo;accueil des usagers en situation de handicap visible ou invisible. L&rsquo;organisme est sensibilis\u00e9 aux diff\u00e9rentes formes de handicap et \u00e0 leur prise en charge, et se rend disponible et \u00e0 l&rsquo;\u00e9coute pour chacun d&rsquo;entre vous.<\/p>\n<p>&nbsp;<\/p>\n<h2><strong>Nos \u00e9valuations et certifications :<\/strong><\/h2>\n<p>Le CFSH pr\u00e9voit un bilan individuel complet avant, pendant et apr\u00e8s la formation. Une analyse de suivi de l&rsquo;\u00e9volution professionnelle du stagiaire est ensuite mise en place quelques temps apr\u00e8s la formation.<\/p>\n<p>&nbsp;<\/p>\n<h3 style=\"text-align: left; padding-left: 280px;\"><strong>En 2022 :<\/strong><\/h3>\n<ul>\n<li style=\"list-style-type: none;\">\n<ul>\n<li style=\"list-style-type: none;\">\n<ul>\n<li style=\"list-style-type: none;\">\n<ul>\n<li style=\"list-style-type: none;\">\n<ul>\n<li style=\"list-style-type: none;\">\n<ul>\n<li style=\"list-style-type: none;\">\n<ul>\n<li style=\"list-style-type: none;\">\n<ul>\n<li style=\"text-align: left;\"><strong>Evaluation de r\u00e9ussite : 100%<\/strong><\/li>\n<li style=\"text-align: left;\"><strong>\u00a0Satisfaction stagiaires : 9\/10<\/strong><\/li>\n<li style=\"text-align: left;\"><strong>Reconversion professionnelle \u00e0 3 mois : 100%<\/strong><\/li>\n<li style=\"text-align: left;\"><strong>\u00c9valuation du transfert des acquis : 9.5\/10<\/strong><\/li>\n<\/ul>\n<\/li>\n<\/ul>\n<\/li>\n<\/ul>\n<\/li>\n<\/ul>\n<\/li>\n<\/ul>\n<\/li>\n<\/ul>\n<\/li>\n<\/ul>\n<\/li>\n<\/ul>\n<h3 style=\"text-align: left; padding-left: 280px;\"><strong>En 2023 \/ 2024 :<\/strong><\/h3>\n<ul>\n<li style=\"list-style-type: none;\">\n<ul>\n<li style=\"list-style-type: none;\">\n<ul>\n<li style=\"list-style-type: none;\">\n<ul>\n<li style=\"list-style-type: none;\">\n<ul>\n<li style=\"list-style-type: none;\">\n<ul>\n<li style=\"list-style-type: none;\">\n<ul>\n<li style=\"list-style-type: none;\">\n<ul>\n<li style=\"text-align: left;\"><strong>Evaluation de r\u00e9ussite : 100%<\/strong><\/li>\n<li style=\"text-align: left;\"><strong>\u00a0Satisfaction stagiaires : 9,5\/10<\/strong><\/li>\n<li style=\"text-align: left;\"><strong>Reconversion professionnelle \u00e0 3 mois : 100%<\/strong><\/li>\n<li style=\"text-align: left;\"><strong>\u00c9valuation du transfert des acquis : 10\/10<\/strong><\/li>\n<\/ul>\n<\/li>\n<\/ul>\n<\/li>\n<\/ul>\n<\/li>\n<\/ul>\n<\/li>\n<\/ul>\n<\/li>\n<\/ul>\n<\/li>\n<\/ul>\n<\/li>\n<\/ul>\n","protected":false},"excerpt":{"rendered":"<p>Vous voici sur notre page formation CFSH ! J&rsquo;aimerais vous parler du fonctionnement de notre organisme de formation et de sa simplicit\u00e9 d&rsquo;acc\u00e8s \u00e0 tout public. Vous souhaitez faire une formation professionnelle et obtenir des renseignements sur le CFSH ? Pour commencer, nous vous proposons de prendre contact directement par mail ou par t\u00e9l\u00e9phone au [&hellip;]<\/p>\n","protected":false},"author":1,"featured_media":25,"parent":0,"menu_order":0,"comment_status":"closed","ping_status":"closed","template":"","meta":{"footnotes":""},"class_list":["post-74","page","type-page","status-publish","has-post-thumbnail","hentry"],"yoast_head":"<!-- This site is optimized with the Yoast SEO plugin v19.4 - https:\/\/yoast.com\/wordpress\/plugins\/seo\/ -->\n<title>Suivre une formation CFSH - CFSH FORMATION SPORT<\/title>\n<meta name=\"robots\" content=\"index, follow, max-snippet:-1, max-image-preview:large, max-video-preview:-1\" \/>\n<link rel=\"canonical\" href=\"https:\/\/cfshformationsport.com\/index.php\/suivre-une-formation-cfsh\/\" \/>\n<meta property=\"og:locale\" content=\"fr_FR\" \/>\n<meta property=\"og:type\" content=\"article\" \/>\n<meta property=\"og:title\" content=\"Suivre une formation CFSH - CFSH FORMATION SPORT\" \/>\n<meta property=\"og:description\" content=\"Vous voici sur notre page formation CFSH ! J&rsquo;aimerais vous parler du fonctionnement de notre organisme de formation et de sa simplicit\u00e9 d&rsquo;acc\u00e8s \u00e0 tout public. Vous souhaitez faire une formation professionnelle et obtenir des renseignements sur le CFSH ? Pour commencer, nous vous proposons de prendre contact directement par mail ou par t\u00e9l\u00e9phone au [&hellip;]\" \/>\n<meta property=\"og:url\" content=\"https:\/\/cfshformationsport.com\/index.php\/suivre-une-formation-cfsh\/\" \/>\n<meta property=\"og:site_name\" content=\"CFSH FORMATION SPORT\" \/>\n<meta property=\"article:modified_time\" content=\"2025-04-03T13:22:57+00:00\" \/>\n<meta property=\"og:image\" content=\"https:\/\/cfshformationsport.com\/wp-content\/uploads\/2022\/07\/cropped-IMG_227AD5C6DC2F-1-1.jpeg\" \/>\n\t<meta property=\"og:image:width\" content=\"1600\" \/>\n\t<meta property=\"og:image:height\" content=\"550\" \/>\n\t<meta property=\"og:image:type\" content=\"image\/jpeg\" \/>\n<meta name=\"twitter:card\" content=\"summary_large_image\" \/>\n<meta name=\"twitter:label1\" content=\"Dur\u00e9e de lecture estim\u00e9e\" \/>\n\t<meta name=\"twitter:data1\" content=\"2 minutes\" \/>\n<script type=\"application\/ld+json\" class=\"yoast-schema-graph\">{\"@context\":\"https:\/\/schema.org\",\"@graph\":[{\"@type\":\"Organization\",\"@id\":\"https:\/\/cfshformationsport.com\/#organization\",\"name\":\"CFSH Centre de Formation Sandra Higelin\",\"url\":\"https:\/\/cfshformationsport.com\/\",\"sameAs\":[],\"logo\":{\"@type\":\"ImageObject\",\"inLanguage\":\"fr-FR\",\"@id\":\"https:\/\/cfshformationsport.com\/#\/schema\/logo\/image\/\",\"url\":\"http:\/\/cfshformationsport.com\/wp-content\/uploads\/2022\/07\/cropped-cropped-cropped-logo_size-1.jpg\",\"contentUrl\":\"http:\/\/cfshformationsport.com\/wp-content\/uploads\/2022\/07\/cropped-cropped-cropped-logo_size-1.jpg\",\"width\":150,\"height\":38,\"caption\":\"CFSH Centre de Formation Sandra Higelin\"},\"image\":{\"@id\":\"https:\/\/cfshformationsport.com\/#\/schema\/logo\/image\/\"}},{\"@type\":\"WebSite\",\"@id\":\"https:\/\/cfshformationsport.com\/#website\",\"url\":\"https:\/\/cfshformationsport.com\/\",\"name\":\"CFSH FORMATION SPORT\",\"description\":\"&quot;certifi\u00e9 au titre de l&#039;action de formation&quot; \",\"publisher\":{\"@id\":\"https:\/\/cfshformationsport.com\/#organization\"},\"potentialAction\":[{\"@type\":\"SearchAction\",\"target\":{\"@type\":\"EntryPoint\",\"urlTemplate\":\"https:\/\/cfshformationsport.com\/?s={search_term_string}\"},\"query-input\":\"required name=search_term_string\"}],\"inLanguage\":\"fr-FR\"},{\"@type\":\"WebPage\",\"@id\":\"https:\/\/cfshformationsport.com\/index.php\/suivre-une-formation-cfsh\/\",\"url\":\"https:\/\/cfshformationsport.com\/index.php\/suivre-une-formation-cfsh\/\",\"name\":\"Suivre une formation CFSH - CFSH FORMATION SPORT\",\"isPartOf\":{\"@id\":\"https:\/\/cfshformationsport.com\/#website\"},\"datePublished\":\"2022-07-21T08:13:14+00:00\",\"dateModified\":\"2025-04-03T13:22:57+00:00\",\"breadcrumb\":{\"@id\":\"https:\/\/cfshformationsport.com\/index.php\/suivre-une-formation-cfsh\/#breadcrumb\"},\"inLanguage\":\"fr-FR\",\"potentialAction\":[{\"@type\":\"ReadAction\",\"target\":[\"https:\/\/cfshformationsport.com\/index.php\/suivre-une-formation-cfsh\/\"]}]},{\"@type\":\"BreadcrumbList\",\"@id\":\"https:\/\/cfshformationsport.com\/index.php\/suivre-une-formation-cfsh\/#breadcrumb\",\"itemListElement\":[{\"@type\":\"ListItem\",\"position\":1,\"name\":\"Accueil\",\"item\":\"https:\/\/cfshformationsport.com\/\"},{\"@type\":\"ListItem\",\"position\":2,\"name\":\"Suivre une formation CFSH\"}]}]}<\/script>\n<!-- \/ Yoast SEO plugin. -->","yoast_head_json":{"title":"Suivre une formation CFSH - CFSH FORMATION SPORT","robots":{"index":"index","follow":"follow","max-snippet":"max-snippet:-1","max-image-preview":"max-image-preview:large","max-video-preview":"max-video-preview:-1"},"canonical":"https:\/\/cfshformationsport.com\/index.php\/suivre-une-formation-cfsh\/","og_locale":"fr_FR","og_type":"article","og_title":"Suivre une formation CFSH - CFSH FORMATION SPORT","og_description":"Vous voici sur notre page formation CFSH ! J&rsquo;aimerais vous parler du fonctionnement de notre organisme de formation et de sa simplicit\u00e9 d&rsquo;acc\u00e8s \u00e0 tout public. Vous souhaitez faire une formation professionnelle et obtenir des renseignements sur le CFSH ? Pour commencer, nous vous proposons de prendre contact directement par mail ou par t\u00e9l\u00e9phone au [&hellip;]","og_url":"https:\/\/cfshformationsport.com\/index.php\/suivre-une-formation-cfsh\/","og_site_name":"CFSH FORMATION SPORT","article_modified_time":"2025-04-03T13:22:57+00:00","og_image":[{"width":1600,"height":550,"url":"https:\/\/cfshformationsport.com\/wp-content\/uploads\/2022\/07\/cropped-IMG_227AD5C6DC2F-1-1.jpeg","type":"image\/jpeg"}],"twitter_card":"summary_large_image","twitter_misc":{"Dur\u00e9e de lecture estim\u00e9e":"2 minutes"},"schema":{"@context":"https:\/\/schema.org","@graph":[{"@type":"Organization","@id":"https:\/\/cfshformationsport.com\/#organization","name":"CFSH Centre de Formation Sandra Higelin","url":"https:\/\/cfshformationsport.com\/","sameAs":[],"logo":{"@type":"ImageObject","inLanguage":"fr-FR","@id":"https:\/\/cfshformationsport.com\/#\/schema\/logo\/image\/","url":"http:\/\/cfshformationsport.com\/wp-content\/uploads\/2022\/07\/cropped-cropped-cropped-logo_size-1.jpg","contentUrl":"http:\/\/cfshformationsport.com\/wp-content\/uploads\/2022\/07\/cropped-cropped-cropped-logo_size-1.jpg","width":150,"height":38,"caption":"CFSH Centre de Formation Sandra Higelin"},"image":{"@id":"https:\/\/cfshformationsport.com\/#\/schema\/logo\/image\/"}},{"@type":"WebSite","@id":"https:\/\/cfshformationsport.com\/#website","url":"https:\/\/cfshformationsport.com\/","name":"CFSH FORMATION SPORT","description":"&quot;certifi\u00e9 au titre de l&#039;action de formation&quot; ","publisher":{"@id":"https:\/\/cfshformationsport.com\/#organization"},"potentialAction":[{"@type":"SearchAction","target":{"@type":"EntryPoint","urlTemplate":"https:\/\/cfshformationsport.com\/?s={search_term_string}"},"query-input":"required name=search_term_string"}],"inLanguage":"fr-FR"},{"@type":"WebPage","@id":"https:\/\/cfshformationsport.com\/index.php\/suivre-une-formation-cfsh\/","url":"https:\/\/cfshformationsport.com\/index.php\/suivre-une-formation-cfsh\/","name":"Suivre une formation CFSH - CFSH FORMATION SPORT","isPartOf":{"@id":"https:\/\/cfshformationsport.com\/#website"},"datePublished":"2022-07-21T08:13:14+00:00","dateModified":"2025-04-03T13:22:57+00:00","breadcrumb":{"@id":"https:\/\/cfshformationsport.com\/index.php\/suivre-une-formation-cfsh\/#breadcrumb"},"inLanguage":"fr-FR","potentialAction":[{"@type":"ReadAction","target":["https:\/\/cfshformationsport.com\/index.php\/suivre-une-formation-cfsh\/"]}]},{"@type":"BreadcrumbList","@id":"https:\/\/cfshformationsport.com\/index.php\/suivre-une-formation-cfsh\/#breadcrumb","itemListElement":[{"@type":"ListItem","position":1,"name":"Accueil","item":"https:\/\/cfshformationsport.com\/"},{"@type":"ListItem","position":2,"name":"Suivre une formation CFSH"}]}]}},"_links":{"self":[{"href":"https:\/\/cfshformationsport.com\/index.php\/wp-json\/wp\/v2\/pages\/74","targetHints":{"allow":["GET"]}}],"collection":[{"href":"https:\/\/cfshformationsport.com\/index.php\/wp-json\/wp\/v2\/pages"}],"about":[{"href":"https:\/\/cfshformationsport.com\/index.php\/wp-json\/wp\/v2\/types\/page"}],"author":[{"embeddable":true,"href":"https:\/\/cfshformationsport.com\/index.php\/wp-json\/wp\/v2\/users\/1"}],"replies":[{"embeddable":true,"href":"https:\/\/cfshformationsport.com\/index.php\/wp-json\/wp\/v2\/comments?post=74"}],"version-history":[{"count":27,"href":"https:\/\/cfshformationsport.com\/index.php\/wp-json\/wp\/v2\/pages\/74\/revisions"}],"predecessor-version":[{"id":446,"href":"https:\/\/cfshformationsport.com\/index.php\/wp-json\/wp\/v2\/pages\/74\/revisions\/446"}],"wp:featuredmedia":[{"embeddable":true,"href":"https:\/\/cfshformationsport.com\/index.php\/wp-json\/wp\/v2\/media\/25"}],"wp:attachment":[{"href":"https:\/\/cfshformationsport.com\/index.php\/wp-json\/wp\/v2\/media?parent=74"}],"curies":[{"name":"wp","href":"https:\/\/api.w.org\/{rel}","templated":true}]}}