{"id":6,"date":"2022-07-20T22:50:34","date_gmt":"2022-07-20T20:50:34","guid":{"rendered":"http:\/\/cfshformationsport.com\/?page_id=6"},"modified":"2025-12-04T18:28:27","modified_gmt":"2025-12-04T17:28:27","slug":"a-propos-de","status":"publish","type":"page","link":"https:\/\/cfshformationsport.com\/index.php\/a-propos-de\/","title":{"rendered":"\u00c0 propos de"},"content":{"rendered":"\r\n<h1><span style=\"color: #0000ff;\">Notre gage de qualit\u00e9 au CFSH Formation Sport :<\/span><\/h1>\r\n<p>En couplage \/partenariat avec l&rsquo;association sportive loi 1901 Handinergie, nous souhaitons sensibiliser et former un maximum d\u2019individus en exposant les bienfaits des activit\u00e9s sportives sur la sant\u00e9. L\u2019objectif \u00e9tant une diminution durable et totale ou presque des maux physiques et psychiques entrainant ainsi le maintien du travailleur dans l\u2019emploi, et\/ou permettant aussi de s\u00e9curiser son parcours professionnel par le d\u00e9veloppement de ses comp\u00e9tences, en le pr\u00e9parant ainsi \u00e0 une \u00e9ventuelle reconversion professionnelle.<\/p>\r\n<p>&nbsp;<\/p>\r\n<p>&nbsp;<\/p>\r\n<h2 style=\"text-align: center;\"><strong><span style=\"color: #0000ff;\">Le CFSH met tout en oeuvre pour : <\/span><\/strong><\/h2>\r\n<h3 style=\"text-align: center;\"><span style=\"color: #0000ff;\">Garantir la qualit\u00e9 de ses formations <\/span><\/h3>\r\n<h3 style=\"text-align: center;\"><span style=\"color: #0000ff;\">Garantir l\u2019atteinte des objectifs <\/span><\/h3>\r\n<h3 style=\"text-align: center;\"><span style=\"color: #0000ff;\">Adapter ses formations aux besoins des diff\u00e9rents groupes <\/span><\/h3>\r\n<h3 style=\"text-align: center;\"><span style=\"color: #0000ff;\">Organiser ses formations avec des moyens adapt\u00e9s<\/span><\/h3>\r\n\r\n\r\n\r\n<figure class=\"wp-block-image size-large\"><img loading=\"lazy\" decoding=\"async\" class=\"alignnone size-medium wp-image-121\" src=\"http:\/\/cfshformationsport.com\/wp-content\/uploads\/2022\/07\/IMG_1220-281x300.jpg\" alt=\"\" width=\"281\" height=\"300\" srcset=\"https:\/\/cfshformationsport.com\/wp-content\/uploads\/2022\/07\/IMG_1220-281x300.jpg 281w, https:\/\/cfshformationsport.com\/wp-content\/uploads\/2022\/07\/IMG_1220-768x821.jpg 768w, https:\/\/cfshformationsport.com\/wp-content\/uploads\/2022\/07\/IMG_1220.jpg 802w\" sizes=\"auto, (max-width: 281px) 100vw, 281px\" \/><a href=\"http:\/\/cfshformationsport.com\/wp-content\/uploads\/2025\/12\/certificat-QUA006744-2024-02-05T11_06_14.786Z_0KB26E4X8ZAYH.pdf\">certificat-QUA006744-2024-02-05T11_06_14.786Z_0KB26E4X8ZAYH<\/a><\/figure>\r\n<p>&nbsp;<\/p>\r\n","protected":false},"excerpt":{"rendered":"<p>Notre gage de qualit\u00e9 au CFSH Formation Sport : En couplage \/partenariat avec l&rsquo;association sportive loi 1901 Handinergie, nous souhaitons sensibiliser et former un maximum d\u2019individus en exposant les bienfaits des activit\u00e9s sportives sur la sant\u00e9. L\u2019objectif \u00e9tant une diminution durable et totale ou presque des maux physiques et psychiques entrainant ainsi le maintien du [&hellip;]<\/p>\n","protected":false},"author":1,"featured_media":122,"parent":0,"menu_order":0,"comment_status":"closed","ping_status":"closed","template":"","meta":{"footnotes":""},"class_list":["post-6","page","type-page","status-publish","has-post-thumbnail","hentry"],"yoast_head":"<!-- This site is optimized with the Yoast SEO plugin v19.4 - https:\/\/yoast.com\/wordpress\/plugins\/seo\/ -->\n<title>\u00c0 propos de - CFSH FORMATION SPORT<\/title>\n<meta name=\"robots\" content=\"index, follow, max-snippet:-1, max-image-preview:large, max-video-preview:-1\" \/>\n<link rel=\"canonical\" href=\"https:\/\/cfshformationsport.com\/index.php\/a-propos-de\/\" \/>\n<meta property=\"og:locale\" content=\"fr_FR\" \/>\n<meta property=\"og:type\" content=\"article\" \/>\n<meta property=\"og:title\" content=\"\u00c0 propos de - CFSH FORMATION SPORT\" \/>\n<meta property=\"og:description\" content=\"Notre gage de qualit\u00e9 au CFSH Formation Sport : En couplage \/partenariat avec l&rsquo;association sportive loi 1901 Handinergie, nous souhaitons sensibiliser et former un maximum d\u2019individus en exposant les bienfaits des activit\u00e9s sportives sur la sant\u00e9. L\u2019objectif \u00e9tant une diminution durable et totale ou presque des maux physiques et psychiques entrainant ainsi le maintien du [&hellip;]\" \/>\n<meta property=\"og:url\" content=\"https:\/\/cfshformationsport.com\/index.php\/a-propos-de\/\" \/>\n<meta property=\"og:site_name\" content=\"CFSH FORMATION SPORT\" \/>\n<meta property=\"article:modified_time\" content=\"2025-12-04T17:28:27+00:00\" \/>\n<meta property=\"og:image\" content=\"https:\/\/cfshformationsport.com\/wp-content\/uploads\/2022\/07\/IMG_1223-1.jpg\" \/>\n\t<meta property=\"og:image:width\" content=\"804\" \/>\n\t<meta property=\"og:image:height\" content=\"405\" \/>\n\t<meta property=\"og:image:type\" content=\"image\/jpeg\" \/>\n<meta name=\"twitter:card\" content=\"summary_large_image\" \/>\n<meta name=\"twitter:label1\" content=\"Dur\u00e9e de lecture estim\u00e9e\" \/>\n\t<meta name=\"twitter:data1\" content=\"1 minute\" \/>\n<script type=\"application\/ld+json\" class=\"yoast-schema-graph\">{\"@context\":\"https:\/\/schema.org\",\"@graph\":[{\"@type\":\"Organization\",\"@id\":\"https:\/\/cfshformationsport.com\/#organization\",\"name\":\"CFSH Centre de Formation Sandra Higelin\",\"url\":\"https:\/\/cfshformationsport.com\/\",\"sameAs\":[],\"logo\":{\"@type\":\"ImageObject\",\"inLanguage\":\"fr-FR\",\"@id\":\"https:\/\/cfshformationsport.com\/#\/schema\/logo\/image\/\",\"url\":\"http:\/\/cfshformationsport.com\/wp-content\/uploads\/2022\/07\/cropped-cropped-cropped-logo_size-1.jpg\",\"contentUrl\":\"http:\/\/cfshformationsport.com\/wp-content\/uploads\/2022\/07\/cropped-cropped-cropped-logo_size-1.jpg\",\"width\":150,\"height\":38,\"caption\":\"CFSH Centre de Formation Sandra Higelin\"},\"image\":{\"@id\":\"https:\/\/cfshformationsport.com\/#\/schema\/logo\/image\/\"}},{\"@type\":\"WebSite\",\"@id\":\"https:\/\/cfshformationsport.com\/#website\",\"url\":\"https:\/\/cfshformationsport.com\/\",\"name\":\"CFSH FORMATION SPORT\",\"description\":\"&quot;certifi\u00e9 au titre de l&#039;action de formation&quot; \",\"publisher\":{\"@id\":\"https:\/\/cfshformationsport.com\/#organization\"},\"potentialAction\":[{\"@type\":\"SearchAction\",\"target\":{\"@type\":\"EntryPoint\",\"urlTemplate\":\"https:\/\/cfshformationsport.com\/?s={search_term_string}\"},\"query-input\":\"required name=search_term_string\"}],\"inLanguage\":\"fr-FR\"},{\"@type\":\"WebPage\",\"@id\":\"https:\/\/cfshformationsport.com\/index.php\/a-propos-de\/\",\"url\":\"https:\/\/cfshformationsport.com\/index.php\/a-propos-de\/\",\"name\":\"\u00c0 propos de - CFSH FORMATION SPORT\",\"isPartOf\":{\"@id\":\"https:\/\/cfshformationsport.com\/#website\"},\"datePublished\":\"2022-07-20T20:50:34+00:00\",\"dateModified\":\"2025-12-04T17:28:27+00:00\",\"breadcrumb\":{\"@id\":\"https:\/\/cfshformationsport.com\/index.php\/a-propos-de\/#breadcrumb\"},\"inLanguage\":\"fr-FR\",\"potentialAction\":[{\"@type\":\"ReadAction\",\"target\":[\"https:\/\/cfshformationsport.com\/index.php\/a-propos-de\/\"]}]},{\"@type\":\"BreadcrumbList\",\"@id\":\"https:\/\/cfshformationsport.com\/index.php\/a-propos-de\/#breadcrumb\",\"itemListElement\":[{\"@type\":\"ListItem\",\"position\":1,\"name\":\"Accueil\",\"item\":\"https:\/\/cfshformationsport.com\/\"},{\"@type\":\"ListItem\",\"position\":2,\"name\":\"\u00c0 propos de\"}]}]}<\/script>\n<!-- \/ Yoast SEO plugin. -->","yoast_head_json":{"title":"\u00c0 propos de - CFSH FORMATION SPORT","robots":{"index":"index","follow":"follow","max-snippet":"max-snippet:-1","max-image-preview":"max-image-preview:large","max-video-preview":"max-video-preview:-1"},"canonical":"https:\/\/cfshformationsport.com\/index.php\/a-propos-de\/","og_locale":"fr_FR","og_type":"article","og_title":"\u00c0 propos de - CFSH FORMATION SPORT","og_description":"Notre gage de qualit\u00e9 au CFSH Formation Sport : En couplage \/partenariat avec l&rsquo;association sportive loi 1901 Handinergie, nous souhaitons sensibiliser et former un maximum d\u2019individus en exposant les bienfaits des activit\u00e9s sportives sur la sant\u00e9. L\u2019objectif \u00e9tant une diminution durable et totale ou presque des maux physiques et psychiques entrainant ainsi le maintien du [&hellip;]","og_url":"https:\/\/cfshformationsport.com\/index.php\/a-propos-de\/","og_site_name":"CFSH FORMATION SPORT","article_modified_time":"2025-12-04T17:28:27+00:00","og_image":[{"width":804,"height":405,"url":"https:\/\/cfshformationsport.com\/wp-content\/uploads\/2022\/07\/IMG_1223-1.jpg","type":"image\/jpeg"}],"twitter_card":"summary_large_image","twitter_misc":{"Dur\u00e9e de lecture estim\u00e9e":"1 minute"},"schema":{"@context":"https:\/\/schema.org","@graph":[{"@type":"Organization","@id":"https:\/\/cfshformationsport.com\/#organization","name":"CFSH Centre de Formation Sandra Higelin","url":"https:\/\/cfshformationsport.com\/","sameAs":[],"logo":{"@type":"ImageObject","inLanguage":"fr-FR","@id":"https:\/\/cfshformationsport.com\/#\/schema\/logo\/image\/","url":"http:\/\/cfshformationsport.com\/wp-content\/uploads\/2022\/07\/cropped-cropped-cropped-logo_size-1.jpg","contentUrl":"http:\/\/cfshformationsport.com\/wp-content\/uploads\/2022\/07\/cropped-cropped-cropped-logo_size-1.jpg","width":150,"height":38,"caption":"CFSH Centre de Formation Sandra Higelin"},"image":{"@id":"https:\/\/cfshformationsport.com\/#\/schema\/logo\/image\/"}},{"@type":"WebSite","@id":"https:\/\/cfshformationsport.com\/#website","url":"https:\/\/cfshformationsport.com\/","name":"CFSH FORMATION SPORT","description":"&quot;certifi\u00e9 au titre de l&#039;action de formation&quot; ","publisher":{"@id":"https:\/\/cfshformationsport.com\/#organization"},"potentialAction":[{"@type":"SearchAction","target":{"@type":"EntryPoint","urlTemplate":"https:\/\/cfshformationsport.com\/?s={search_term_string}"},"query-input":"required name=search_term_string"}],"inLanguage":"fr-FR"},{"@type":"WebPage","@id":"https:\/\/cfshformationsport.com\/index.php\/a-propos-de\/","url":"https:\/\/cfshformationsport.com\/index.php\/a-propos-de\/","name":"\u00c0 propos de - CFSH FORMATION SPORT","isPartOf":{"@id":"https:\/\/cfshformationsport.com\/#website"},"datePublished":"2022-07-20T20:50:34+00:00","dateModified":"2025-12-04T17:28:27+00:00","breadcrumb":{"@id":"https:\/\/cfshformationsport.com\/index.php\/a-propos-de\/#breadcrumb"},"inLanguage":"fr-FR","potentialAction":[{"@type":"ReadAction","target":["https:\/\/cfshformationsport.com\/index.php\/a-propos-de\/"]}]},{"@type":"BreadcrumbList","@id":"https:\/\/cfshformationsport.com\/index.php\/a-propos-de\/#breadcrumb","itemListElement":[{"@type":"ListItem","position":1,"name":"Accueil","item":"https:\/\/cfshformationsport.com\/"},{"@type":"ListItem","position":2,"name":"\u00c0 propos de"}]}]}},"_links":{"self":[{"href":"https:\/\/cfshformationsport.com\/index.php\/wp-json\/wp\/v2\/pages\/6","targetHints":{"allow":["GET"]}}],"collection":[{"href":"https:\/\/cfshformationsport.com\/index.php\/wp-json\/wp\/v2\/pages"}],"about":[{"href":"https:\/\/cfshformationsport.com\/index.php\/wp-json\/wp\/v2\/types\/page"}],"author":[{"embeddable":true,"href":"https:\/\/cfshformationsport.com\/index.php\/wp-json\/wp\/v2\/users\/1"}],"replies":[{"embeddable":true,"href":"https:\/\/cfshformationsport.com\/index.php\/wp-json\/wp\/v2\/comments?post=6"}],"version-history":[{"count":16,"href":"https:\/\/cfshformationsport.com\/index.php\/wp-json\/wp\/v2\/pages\/6\/revisions"}],"predecessor-version":[{"id":459,"href":"https:\/\/cfshformationsport.com\/index.php\/wp-json\/wp\/v2\/pages\/6\/revisions\/459"}],"wp:featuredmedia":[{"embeddable":true,"href":"https:\/\/cfshformationsport.com\/index.php\/wp-json\/wp\/v2\/media\/122"}],"wp:attachment":[{"href":"https:\/\/cfshformationsport.com\/index.php\/wp-json\/wp\/v2\/media?parent=6"}],"curies":[{"name":"wp","href":"https:\/\/api.w.org\/{rel}","templated":true}]}}