{"id":311,"date":"2024-05-18T14:36:34","date_gmt":"2024-05-18T12:36:34","guid":{"rendered":"http:\/\/cfshformationsport.com\/?page_id=311"},"modified":"2024-05-25T17:01:14","modified_gmt":"2024-05-25T15:01:14","slug":"galerie-photos","status":"publish","type":"page","link":"https:\/\/cfshformationsport.com\/index.php\/galerie-photos\/","title":{"rendered":"Galerie photos"},"content":{"rendered":"<p><img loading=\"lazy\" decoding=\"async\" class=\"alignnone size-medium wp-image-384\" src=\"http:\/\/cfshformationsport.com\/wp-content\/uploads\/2024\/05\/Screenshot_20240525_164102_Gallery-241x300.jpg\" alt=\"\" width=\"241\" height=\"300\" srcset=\"https:\/\/cfshformationsport.com\/wp-content\/uploads\/2024\/05\/Screenshot_20240525_164102_Gallery-241x300.jpg 241w, https:\/\/cfshformationsport.com\/wp-content\/uploads\/2024\/05\/Screenshot_20240525_164102_Gallery-823x1024.jpg 823w, https:\/\/cfshformationsport.com\/wp-content\/uploads\/2024\/05\/Screenshot_20240525_164102_Gallery-768x956.jpg 768w, https:\/\/cfshformationsport.com\/wp-content\/uploads\/2024\/05\/Screenshot_20240525_164102_Gallery.jpg 1076w\" sizes=\"auto, (max-width: 241px) 100vw, 241px\" \/><img loading=\"lazy\" decoding=\"async\" class=\"alignnone size-medium wp-image-385\" src=\"http:\/\/cfshformationsport.com\/wp-content\/uploads\/2024\/05\/20240525_105139-258x300.jpg\" alt=\"\" width=\"258\" height=\"300\" srcset=\"https:\/\/cfshformationsport.com\/wp-content\/uploads\/2024\/05\/20240525_105139-258x300.jpg 258w, https:\/\/cfshformationsport.com\/wp-content\/uploads\/2024\/05\/20240525_105139-881x1024.jpg 881w, https:\/\/cfshformationsport.com\/wp-content\/uploads\/2024\/05\/20240525_105139-768x893.jpg 768w, https:\/\/cfshformationsport.com\/wp-content\/uploads\/2024\/05\/20240525_105139-1321x1536.jpg 1321w, https:\/\/cfshformationsport.com\/wp-content\/uploads\/2024\/05\/20240525_105139-1761x2048.jpg 1761w\" sizes=\"auto, (max-width: 258px) 100vw, 258px\" \/><img loading=\"lazy\" decoding=\"async\" class=\"alignnone size-medium wp-image-381\" src=\"http:\/\/cfshformationsport.com\/wp-content\/uploads\/2024\/05\/20240525_103246-235x300.jpg\" alt=\"\" width=\"235\" height=\"300\" srcset=\"https:\/\/cfshformationsport.com\/wp-content\/uploads\/2024\/05\/20240525_103246-235x300.jpg 235w, https:\/\/cfshformationsport.com\/wp-content\/uploads\/2024\/05\/20240525_103246-803x1024.jpg 803w, https:\/\/cfshformationsport.com\/wp-content\/uploads\/2024\/05\/20240525_103246-768x979.jpg 768w, https:\/\/cfshformationsport.com\/wp-content\/uploads\/2024\/05\/20240525_103246-1205x1536.jpg 1205w, https:\/\/cfshformationsport.com\/wp-content\/uploads\/2024\/05\/20240525_103246-1606x2048.jpg 1606w, https:\/\/cfshformationsport.com\/wp-content\/uploads\/2024\/05\/20240525_103246-scaled.jpg 2008w\" sizes=\"auto, (max-width: 235px) 100vw, 235px\" \/><img loading=\"lazy\" decoding=\"async\" class=\"alignnone size-medium wp-image-382\" src=\"http:\/\/cfshformationsport.com\/wp-content\/uploads\/2024\/05\/20240525_103251-238x300.jpg\" alt=\"\" width=\"238\" height=\"300\" srcset=\"https:\/\/cfshformationsport.com\/wp-content\/uploads\/2024\/05\/20240525_103251-238x300.jpg 238w, https:\/\/cfshformationsport.com\/wp-content\/uploads\/2024\/05\/20240525_103251-813x1024.jpg 813w, https:\/\/cfshformationsport.com\/wp-content\/uploads\/2024\/05\/20240525_103251-768x968.jpg 768w, https:\/\/cfshformationsport.com\/wp-content\/uploads\/2024\/05\/20240525_103251-1219x1536.jpg 1219w, https:\/\/cfshformationsport.com\/wp-content\/uploads\/2024\/05\/20240525_103251-1625x2048.jpg 1625w, https:\/\/cfshformationsport.com\/wp-content\/uploads\/2024\/05\/20240525_103251-scaled.jpg 2031w\" sizes=\"auto, (max-width: 238px) 100vw, 238px\" \/><img loading=\"lazy\" decoding=\"async\" class=\"alignnone size-medium wp-image-312\" src=\"http:\/\/cfshformationsport.com\/wp-content\/uploads\/2024\/05\/20240518_091759-300x241.jpg\" alt=\"\" width=\"300\" height=\"241\" srcset=\"https:\/\/cfshformationsport.com\/wp-content\/uploads\/2024\/05\/20240518_091759-300x241.jpg 300w, https:\/\/cfshformationsport.com\/wp-content\/uploads\/2024\/05\/20240518_091759-1024x822.jpg 1024w, https:\/\/cfshformationsport.com\/wp-content\/uploads\/2024\/05\/20240518_091759-768x617.jpg 768w, https:\/\/cfshformationsport.com\/wp-content\/uploads\/2024\/05\/20240518_091759-1536x1234.jpg 1536w, https:\/\/cfshformationsport.com\/wp-content\/uploads\/2024\/05\/20240518_091759-2048x1645.jpg 2048w\" sizes=\"auto, (max-width: 300px) 100vw, 300px\" \/><img loading=\"lazy\" decoding=\"async\" class=\"alignnone size-medium wp-image-313\" src=\"http:\/\/cfshformationsport.com\/wp-content\/uploads\/2024\/05\/20240518_093504-300x195.jpg\" alt=\"\" width=\"300\" height=\"195\" srcset=\"https:\/\/cfshformationsport.com\/wp-content\/uploads\/2024\/05\/20240518_093504-300x195.jpg 300w, https:\/\/cfshformationsport.com\/wp-content\/uploads\/2024\/05\/20240518_093504-1024x665.jpg 1024w, https:\/\/cfshformationsport.com\/wp-content\/uploads\/2024\/05\/20240518_093504-768x498.jpg 768w, https:\/\/cfshformationsport.com\/wp-content\/uploads\/2024\/05\/20240518_093504.jpg 1111w\" sizes=\"auto, (max-width: 300px) 100vw, 300px\" \/><img loading=\"lazy\" decoding=\"async\" class=\"alignnone size-medium wp-image-315\" src=\"http:\/\/cfshformationsport.com\/wp-content\/uploads\/2024\/05\/20240518_095335-300x223.jpg\" alt=\"\" width=\"300\" height=\"223\" srcset=\"https:\/\/cfshformationsport.com\/wp-content\/uploads\/2024\/05\/20240518_095335-300x223.jpg 300w, https:\/\/cfshformationsport.com\/wp-content\/uploads\/2024\/05\/20240518_095335-1024x763.jpg 1024w, https:\/\/cfshformationsport.com\/wp-content\/uploads\/2024\/05\/20240518_095335-768x572.jpg 768w, https:\/\/cfshformationsport.com\/wp-content\/uploads\/2024\/05\/20240518_095335-1536x1144.jpg 1536w, https:\/\/cfshformationsport.com\/wp-content\/uploads\/2024\/05\/20240518_095335.jpg 1587w\" sizes=\"auto, (max-width: 300px) 100vw, 300px\" \/><img loading=\"lazy\" decoding=\"async\" class=\"alignnone size-medium wp-image-316\" src=\"http:\/\/cfshformationsport.com\/wp-content\/uploads\/2024\/05\/20240518_102702-258x300.jpg\" alt=\"\" width=\"258\" height=\"300\" srcset=\"https:\/\/cfshformationsport.com\/wp-content\/uploads\/2024\/05\/20240518_102702-258x300.jpg 258w, https:\/\/cfshformationsport.com\/wp-content\/uploads\/2024\/05\/20240518_102702-882x1024.jpg 882w, https:\/\/cfshformationsport.com\/wp-content\/uploads\/2024\/05\/20240518_102702-768x892.jpg 768w, https:\/\/cfshformationsport.com\/wp-content\/uploads\/2024\/05\/20240518_102702-1322x1536.jpg 1322w, https:\/\/cfshformationsport.com\/wp-content\/uploads\/2024\/05\/20240518_102702-1763x2048.jpg 1763w\" sizes=\"auto, (max-width: 258px) 100vw, 258px\" \/><img loading=\"lazy\" decoding=\"async\" class=\"alignnone size-medium wp-image-317\" src=\"http:\/\/cfshformationsport.com\/wp-content\/uploads\/2024\/05\/20240518_103411-300x233.jpg\" alt=\"\" width=\"300\" height=\"233\" srcset=\"https:\/\/cfshformationsport.com\/wp-content\/uploads\/2024\/05\/20240518_103411-300x233.jpg 300w, https:\/\/cfshformationsport.com\/wp-content\/uploads\/2024\/05\/20240518_103411-1024x796.jpg 1024w, https:\/\/cfshformationsport.com\/wp-content\/uploads\/2024\/05\/20240518_103411-768x597.jpg 768w, https:\/\/cfshformationsport.com\/wp-content\/uploads\/2024\/05\/20240518_103411-1536x1194.jpg 1536w, https:\/\/cfshformationsport.com\/wp-content\/uploads\/2024\/05\/20240518_103411-2048x1592.jpg 2048w\" sizes=\"auto, (max-width: 300px) 100vw, 300px\" \/><img loading=\"lazy\" decoding=\"async\" class=\"alignnone size-medium wp-image-318\" src=\"http:\/\/cfshformationsport.com\/wp-content\/uploads\/2024\/05\/20240518_103823-203x300.jpg\" alt=\"\" width=\"203\" height=\"300\" srcset=\"https:\/\/cfshformationsport.com\/wp-content\/uploads\/2024\/05\/20240518_103823-203x300.jpg 203w, https:\/\/cfshformationsport.com\/wp-content\/uploads\/2024\/05\/20240518_103823-694x1024.jpg 694w, https:\/\/cfshformationsport.com\/wp-content\/uploads\/2024\/05\/20240518_103823-768x1133.jpg 768w, https:\/\/cfshformationsport.com\/wp-content\/uploads\/2024\/05\/20240518_103823-1041x1536.jpg 1041w, https:\/\/cfshformationsport.com\/wp-content\/uploads\/2024\/05\/20240518_103823-1389x2048.jpg 1389w, https:\/\/cfshformationsport.com\/wp-content\/uploads\/2024\/05\/20240518_103823-scaled.jpg 1736w\" sizes=\"auto, (max-width: 203px) 100vw, 203px\" \/><img loading=\"lazy\" decoding=\"async\" class=\"alignnone size-medium wp-image-319\" src=\"http:\/\/cfshformationsport.com\/wp-content\/uploads\/2024\/05\/20240518_103936-249x300.jpg\" alt=\"\" width=\"249\" height=\"300\" srcset=\"https:\/\/cfshformationsport.com\/wp-content\/uploads\/2024\/05\/20240518_103936-249x300.jpg 249w, https:\/\/cfshformationsport.com\/wp-content\/uploads\/2024\/05\/20240518_103936-851x1024.jpg 851w, https:\/\/cfshformationsport.com\/wp-content\/uploads\/2024\/05\/20240518_103936-768x924.jpg 768w, https:\/\/cfshformationsport.com\/wp-content\/uploads\/2024\/05\/20240518_103936-1277x1536.jpg 1277w, https:\/\/cfshformationsport.com\/wp-content\/uploads\/2024\/05\/20240518_103936-1702x2048.jpg 1702w\" sizes=\"auto, (max-width: 249px) 100vw, 249px\" \/><img loading=\"lazy\" decoding=\"async\" class=\"alignnone size-medium wp-image-320\" src=\"http:\/\/cfshformationsport.com\/wp-content\/uploads\/2024\/05\/20240518_104152-300x267.jpg\" alt=\"\" width=\"300\" height=\"267\" srcset=\"https:\/\/cfshformationsport.com\/wp-content\/uploads\/2024\/05\/20240518_104152-300x267.jpg 300w, https:\/\/cfshformationsport.com\/wp-content\/uploads\/2024\/05\/20240518_104152-1024x911.jpg 1024w, https:\/\/cfshformationsport.com\/wp-content\/uploads\/2024\/05\/20240518_104152-768x683.jpg 768w, https:\/\/cfshformationsport.com\/wp-content\/uploads\/2024\/05\/20240518_104152-1536x1367.jpg 1536w, https:\/\/cfshformationsport.com\/wp-content\/uploads\/2024\/05\/20240518_104152.jpg 1687w\" sizes=\"auto, (max-width: 300px) 100vw, 300px\" \/><img loading=\"lazy\" decoding=\"async\" class=\"alignnone size-medium wp-image-321\" src=\"http:\/\/cfshformationsport.com\/wp-content\/uploads\/2024\/05\/20240518_105122-231x300.jpg\" alt=\"\" width=\"231\" height=\"300\" srcset=\"https:\/\/cfshformationsport.com\/wp-content\/uploads\/2024\/05\/20240518_105122-231x300.jpg 231w, https:\/\/cfshformationsport.com\/wp-content\/uploads\/2024\/05\/20240518_105122-787x1024.jpg 787w, https:\/\/cfshformationsport.com\/wp-content\/uploads\/2024\/05\/20240518_105122-768x999.jpg 768w, https:\/\/cfshformationsport.com\/wp-content\/uploads\/2024\/05\/20240518_105122-1181x1536.jpg 1181w, https:\/\/cfshformationsport.com\/wp-content\/uploads\/2024\/05\/20240518_105122-1575x2048.jpg 1575w, https:\/\/cfshformationsport.com\/wp-content\/uploads\/2024\/05\/20240518_105122-scaled.jpg 1969w\" sizes=\"auto, (max-width: 231px) 100vw, 231px\" \/><img loading=\"lazy\" decoding=\"async\" class=\"alignnone size-medium wp-image-322\" src=\"http:\/\/cfshformationsport.com\/wp-content\/uploads\/2024\/05\/20240518_105136-207x300.jpg\" alt=\"\" width=\"207\" height=\"300\" srcset=\"https:\/\/cfshformationsport.com\/wp-content\/uploads\/2024\/05\/20240518_105136-207x300.jpg 207w, https:\/\/cfshformationsport.com\/wp-content\/uploads\/2024\/05\/20240518_105136-708x1024.jpg 708w, https:\/\/cfshformationsport.com\/wp-content\/uploads\/2024\/05\/20240518_105136-768x1111.jpg 768w, https:\/\/cfshformationsport.com\/wp-content\/uploads\/2024\/05\/20240518_105136-1062x1536.jpg 1062w, https:\/\/cfshformationsport.com\/wp-content\/uploads\/2024\/05\/20240518_105136-1416x2048.jpg 1416w, https:\/\/cfshformationsport.com\/wp-content\/uploads\/2024\/05\/20240518_105136-scaled.jpg 1770w\" sizes=\"auto, (max-width: 207px) 100vw, 207px\" \/><img loading=\"lazy\" decoding=\"async\" class=\"alignnone size-medium wp-image-323\" src=\"http:\/\/cfshformationsport.com\/wp-content\/uploads\/2024\/05\/20240518_110413-292x300.jpg\" alt=\"\" width=\"292\" height=\"300\" srcset=\"https:\/\/cfshformationsport.com\/wp-content\/uploads\/2024\/05\/20240518_110413-292x300.jpg 292w, https:\/\/cfshformationsport.com\/wp-content\/uploads\/2024\/05\/20240518_110413-997x1024.jpg 997w, https:\/\/cfshformationsport.com\/wp-content\/uploads\/2024\/05\/20240518_110413-768x789.jpg 768w, https:\/\/cfshformationsport.com\/wp-content\/uploads\/2024\/05\/20240518_110413-1495x1536.jpg 1495w, https:\/\/cfshformationsport.com\/wp-content\/uploads\/2024\/05\/20240518_110413-1993x2048.jpg 1993w\" sizes=\"auto, (max-width: 292px) 100vw, 292px\" \/><img loading=\"lazy\" decoding=\"async\" class=\"alignnone size-medium wp-image-324\" src=\"http:\/\/cfshformationsport.com\/wp-content\/uploads\/2024\/05\/Screenshot_20240518_114933_Gallery-300x277.jpg\" alt=\"\" width=\"300\" height=\"277\" srcset=\"https:\/\/cfshformationsport.com\/wp-content\/uploads\/2024\/05\/Screenshot_20240518_114933_Gallery-300x277.jpg 300w, https:\/\/cfshformationsport.com\/wp-content\/uploads\/2024\/05\/Screenshot_20240518_114933_Gallery-1024x944.jpg 1024w, https:\/\/cfshformationsport.com\/wp-content\/uploads\/2024\/05\/Screenshot_20240518_114933_Gallery-768x708.jpg 768w, https:\/\/cfshformationsport.com\/wp-content\/uploads\/2024\/05\/Screenshot_20240518_114933_Gallery.jpg 1080w\" sizes=\"auto, (max-width: 300px) 100vw, 300px\" \/><img loading=\"lazy\" decoding=\"async\" class=\"alignnone size-medium wp-image-325\" src=\"http:\/\/cfshformationsport.com\/wp-content\/uploads\/2024\/05\/Screenshot_20240518_114940_Gallery-300x207.jpg\" alt=\"\" width=\"300\" height=\"207\" srcset=\"https:\/\/cfshformationsport.com\/wp-content\/uploads\/2024\/05\/Screenshot_20240518_114940_Gallery-300x207.jpg 300w, https:\/\/cfshformationsport.com\/wp-content\/uploads\/2024\/05\/Screenshot_20240518_114940_Gallery-1024x707.jpg 1024w, https:\/\/cfshformationsport.com\/wp-content\/uploads\/2024\/05\/Screenshot_20240518_114940_Gallery-768x530.jpg 768w, https:\/\/cfshformationsport.com\/wp-content\/uploads\/2024\/05\/Screenshot_20240518_114940_Gallery.jpg 1080w\" sizes=\"auto, (max-width: 300px) 100vw, 300px\" \/><img loading=\"lazy\" decoding=\"async\" class=\"alignnone size-medium wp-image-326\" src=\"http:\/\/cfshformationsport.com\/wp-content\/uploads\/2024\/05\/Screenshot_20240518_114042_Gallery-254x300.jpg\" alt=\"\" width=\"254\" height=\"300\" srcset=\"https:\/\/cfshformationsport.com\/wp-content\/uploads\/2024\/05\/Screenshot_20240518_114042_Gallery-254x300.jpg 254w, https:\/\/cfshformationsport.com\/wp-content\/uploads\/2024\/05\/Screenshot_20240518_114042_Gallery-868x1024.jpg 868w, https:\/\/cfshformationsport.com\/wp-content\/uploads\/2024\/05\/Screenshot_20240518_114042_Gallery-768x906.jpg 768w, https:\/\/cfshformationsport.com\/wp-content\/uploads\/2024\/05\/Screenshot_20240518_114042_Gallery.jpg 1080w\" sizes=\"auto, (max-width: 254px) 100vw, 254px\" \/><img loading=\"lazy\" decoding=\"async\" class=\"alignnone size-medium wp-image-327\" src=\"http:\/\/cfshformationsport.com\/wp-content\/uploads\/2024\/05\/Screenshot_20240518_114100_Gallery-169x300.jpg\" alt=\"\" width=\"169\" height=\"300\" srcset=\"https:\/\/cfshformationsport.com\/wp-content\/uploads\/2024\/05\/Screenshot_20240518_114100_Gallery-169x300.jpg 169w, https:\/\/cfshformationsport.com\/wp-content\/uploads\/2024\/05\/Screenshot_20240518_114100_Gallery-576x1024.jpg 576w, https:\/\/cfshformationsport.com\/wp-content\/uploads\/2024\/05\/Screenshot_20240518_114100_Gallery-768x1365.jpg 768w, https:\/\/cfshformationsport.com\/wp-content\/uploads\/2024\/05\/Screenshot_20240518_114100_Gallery.jpg 797w\" sizes=\"auto, (max-width: 169px) 100vw, 169px\" \/><img loading=\"lazy\" decoding=\"async\" class=\"alignnone size-medium wp-image-328\" src=\"http:\/\/cfshformationsport.com\/wp-content\/uploads\/2024\/05\/Screenshot_20240518_114114_Gallery-203x300.jpg\" alt=\"\" width=\"203\" height=\"300\" srcset=\"https:\/\/cfshformationsport.com\/wp-content\/uploads\/2024\/05\/Screenshot_20240518_114114_Gallery-203x300.jpg 203w, https:\/\/cfshformationsport.com\/wp-content\/uploads\/2024\/05\/Screenshot_20240518_114114_Gallery-694x1024.jpg 694w, https:\/\/cfshformationsport.com\/wp-content\/uploads\/2024\/05\/Screenshot_20240518_114114_Gallery-768x1134.jpg 768w, https:\/\/cfshformationsport.com\/wp-content\/uploads\/2024\/05\/Screenshot_20240518_114114_Gallery.jpg 880w\" sizes=\"auto, (max-width: 203px) 100vw, 203px\" \/><\/p>\n","protected":false},"excerpt":{"rendered":"","protected":false},"author":1,"featured_media":210,"parent":0,"menu_order":0,"comment_status":"closed","ping_status":"closed","template":"","meta":{"footnotes":""},"class_list":["post-311","page","type-page","status-publish","has-post-thumbnail","hentry"],"yoast_head":"<!-- This site is optimized with the Yoast SEO plugin v19.4 - https:\/\/yoast.com\/wordpress\/plugins\/seo\/ -->\n<title>Galerie photos - CFSH FORMATION SPORT<\/title>\n<meta name=\"description\" content=\"Activit\u00e9s physiques adapt\u00e9es \/ pr\u00e9vention sant\u00e9 par le sport \/ formation mouvements par le corps \/ cfshformationsport \/ \u00e9ducation \u00e0 la sant\u00e9\" \/>\n<meta name=\"robots\" content=\"index, follow, max-snippet:-1, max-image-preview:large, max-video-preview:-1\" \/>\n<link rel=\"canonical\" href=\"http:\/\/cfshformationsport.com\/index.php\/galerie-photos\/\" \/>\n<meta property=\"og:locale\" content=\"fr_FR\" \/>\n<meta property=\"og:type\" content=\"article\" \/>\n<meta property=\"og:title\" content=\"Galerie photos - CFSH FORMATION SPORT\" \/>\n<meta property=\"og:description\" content=\"Activit\u00e9s physiques adapt\u00e9es \/ pr\u00e9vention sant\u00e9 par le sport \/ formation mouvements par le corps \/ cfshformationsport \/ \u00e9ducation \u00e0 la sant\u00e9\" \/>\n<meta property=\"og:url\" content=\"http:\/\/cfshformationsport.com\/index.php\/galerie-photos\/\" \/>\n<meta property=\"og:site_name\" content=\"CFSH FORMATION SPORT\" \/>\n<meta property=\"article:modified_time\" content=\"2024-05-25T15:01:14+00:00\" \/>\n<meta property=\"og:image\" content=\"http:\/\/cfshformationsport.com\/wp-content\/uploads\/2022\/08\/IMG_1471.jpg\" \/>\n\t<meta property=\"og:image:width\" content=\"915\" \/>\n\t<meta property=\"og:image:height\" content=\"448\" \/>\n\t<meta property=\"og:image:type\" content=\"image\/jpeg\" \/>\n<meta name=\"twitter:card\" content=\"summary_large_image\" \/>\n<script type=\"application\/ld+json\" class=\"yoast-schema-graph\">{\"@context\":\"https:\/\/schema.org\",\"@graph\":[{\"@type\":\"Organization\",\"@id\":\"https:\/\/cfshformationsport.com\/#organization\",\"name\":\"CFSH Centre de Formation Sandra Higelin\",\"url\":\"https:\/\/cfshformationsport.com\/\",\"sameAs\":[],\"logo\":{\"@type\":\"ImageObject\",\"inLanguage\":\"fr-FR\",\"@id\":\"https:\/\/cfshformationsport.com\/#\/schema\/logo\/image\/\",\"url\":\"http:\/\/cfshformationsport.com\/wp-content\/uploads\/2022\/07\/cropped-cropped-cropped-logo_size-1.jpg\",\"contentUrl\":\"http:\/\/cfshformationsport.com\/wp-content\/uploads\/2022\/07\/cropped-cropped-cropped-logo_size-1.jpg\",\"width\":150,\"height\":38,\"caption\":\"CFSH Centre de Formation Sandra Higelin\"},\"image\":{\"@id\":\"https:\/\/cfshformationsport.com\/#\/schema\/logo\/image\/\"}},{\"@type\":\"WebSite\",\"@id\":\"https:\/\/cfshformationsport.com\/#website\",\"url\":\"https:\/\/cfshformationsport.com\/\",\"name\":\"CFSH FORMATION SPORT\",\"description\":\"&quot;certifi\u00e9 au titre de l&#039;action de formation&quot; \",\"publisher\":{\"@id\":\"https:\/\/cfshformationsport.com\/#organization\"},\"potentialAction\":[{\"@type\":\"SearchAction\",\"target\":{\"@type\":\"EntryPoint\",\"urlTemplate\":\"https:\/\/cfshformationsport.com\/?s={search_term_string}\"},\"query-input\":\"required name=search_term_string\"}],\"inLanguage\":\"fr-FR\"},{\"@type\":\"WebPage\",\"@id\":\"http:\/\/cfshformationsport.com\/index.php\/galerie-photos\/\",\"url\":\"http:\/\/cfshformationsport.com\/index.php\/galerie-photos\/\",\"name\":\"Galerie photos - CFSH FORMATION SPORT\",\"isPartOf\":{\"@id\":\"https:\/\/cfshformationsport.com\/#website\"},\"datePublished\":\"2024-05-18T12:36:34+00:00\",\"dateModified\":\"2024-05-25T15:01:14+00:00\",\"description\":\"Activit\u00e9s physiques adapt\u00e9es \/ pr\u00e9vention sant\u00e9 par le sport \/ formation mouvements par le corps \/ cfshformationsport \/ \u00e9ducation \u00e0 la sant\u00e9\",\"breadcrumb\":{\"@id\":\"http:\/\/cfshformationsport.com\/index.php\/galerie-photos\/#breadcrumb\"},\"inLanguage\":\"fr-FR\",\"potentialAction\":[{\"@type\":\"ReadAction\",\"target\":[\"http:\/\/cfshformationsport.com\/index.php\/galerie-photos\/\"]}]},{\"@type\":\"BreadcrumbList\",\"@id\":\"http:\/\/cfshformationsport.com\/index.php\/galerie-photos\/#breadcrumb\",\"itemListElement\":[{\"@type\":\"ListItem\",\"position\":1,\"name\":\"Accueil\",\"item\":\"https:\/\/cfshformationsport.com\/\"},{\"@type\":\"ListItem\",\"position\":2,\"name\":\"Galerie photos\"}]}]}<\/script>\n<!-- \/ Yoast SEO plugin. -->","yoast_head_json":{"title":"Galerie photos - CFSH FORMATION SPORT","description":"Activit\u00e9s physiques adapt\u00e9es \/ pr\u00e9vention sant\u00e9 par le sport \/ formation mouvements par le corps \/ cfshformationsport \/ \u00e9ducation \u00e0 la sant\u00e9","robots":{"index":"index","follow":"follow","max-snippet":"max-snippet:-1","max-image-preview":"max-image-preview:large","max-video-preview":"max-video-preview:-1"},"canonical":"http:\/\/cfshformationsport.com\/index.php\/galerie-photos\/","og_locale":"fr_FR","og_type":"article","og_title":"Galerie photos - CFSH FORMATION SPORT","og_description":"Activit\u00e9s physiques adapt\u00e9es \/ pr\u00e9vention sant\u00e9 par le sport \/ formation mouvements par le corps \/ cfshformationsport \/ \u00e9ducation \u00e0 la sant\u00e9","og_url":"http:\/\/cfshformationsport.com\/index.php\/galerie-photos\/","og_site_name":"CFSH FORMATION SPORT","article_modified_time":"2024-05-25T15:01:14+00:00","og_image":[{"width":915,"height":448,"url":"http:\/\/cfshformationsport.com\/wp-content\/uploads\/2022\/08\/IMG_1471.jpg","type":"image\/jpeg"}],"twitter_card":"summary_large_image","schema":{"@context":"https:\/\/schema.org","@graph":[{"@type":"Organization","@id":"https:\/\/cfshformationsport.com\/#organization","name":"CFSH Centre de Formation Sandra Higelin","url":"https:\/\/cfshformationsport.com\/","sameAs":[],"logo":{"@type":"ImageObject","inLanguage":"fr-FR","@id":"https:\/\/cfshformationsport.com\/#\/schema\/logo\/image\/","url":"http:\/\/cfshformationsport.com\/wp-content\/uploads\/2022\/07\/cropped-cropped-cropped-logo_size-1.jpg","contentUrl":"http:\/\/cfshformationsport.com\/wp-content\/uploads\/2022\/07\/cropped-cropped-cropped-logo_size-1.jpg","width":150,"height":38,"caption":"CFSH Centre de Formation Sandra Higelin"},"image":{"@id":"https:\/\/cfshformationsport.com\/#\/schema\/logo\/image\/"}},{"@type":"WebSite","@id":"https:\/\/cfshformationsport.com\/#website","url":"https:\/\/cfshformationsport.com\/","name":"CFSH FORMATION SPORT","description":"&quot;certifi\u00e9 au titre de l&#039;action de formation&quot; ","publisher":{"@id":"https:\/\/cfshformationsport.com\/#organization"},"potentialAction":[{"@type":"SearchAction","target":{"@type":"EntryPoint","urlTemplate":"https:\/\/cfshformationsport.com\/?s={search_term_string}"},"query-input":"required name=search_term_string"}],"inLanguage":"fr-FR"},{"@type":"WebPage","@id":"http:\/\/cfshformationsport.com\/index.php\/galerie-photos\/","url":"http:\/\/cfshformationsport.com\/index.php\/galerie-photos\/","name":"Galerie photos - CFSH FORMATION SPORT","isPartOf":{"@id":"https:\/\/cfshformationsport.com\/#website"},"datePublished":"2024-05-18T12:36:34+00:00","dateModified":"2024-05-25T15:01:14+00:00","description":"Activit\u00e9s physiques adapt\u00e9es \/ pr\u00e9vention sant\u00e9 par le sport \/ formation mouvements par le corps \/ cfshformationsport \/ \u00e9ducation \u00e0 la sant\u00e9","breadcrumb":{"@id":"http:\/\/cfshformationsport.com\/index.php\/galerie-photos\/#breadcrumb"},"inLanguage":"fr-FR","potentialAction":[{"@type":"ReadAction","target":["http:\/\/cfshformationsport.com\/index.php\/galerie-photos\/"]}]},{"@type":"BreadcrumbList","@id":"http:\/\/cfshformationsport.com\/index.php\/galerie-photos\/#breadcrumb","itemListElement":[{"@type":"ListItem","position":1,"name":"Accueil","item":"https:\/\/cfshformationsport.com\/"},{"@type":"ListItem","position":2,"name":"Galerie photos"}]}]}},"_links":{"self":[{"href":"https:\/\/cfshformationsport.com\/index.php\/wp-json\/wp\/v2\/pages\/311","targetHints":{"allow":["GET"]}}],"collection":[{"href":"https:\/\/cfshformationsport.com\/index.php\/wp-json\/wp\/v2\/pages"}],"about":[{"href":"https:\/\/cfshformationsport.com\/index.php\/wp-json\/wp\/v2\/types\/page"}],"author":[{"embeddable":true,"href":"https:\/\/cfshformationsport.com\/index.php\/wp-json\/wp\/v2\/users\/1"}],"replies":[{"embeddable":true,"href":"https:\/\/cfshformationsport.com\/index.php\/wp-json\/wp\/v2\/comments?post=311"}],"version-history":[{"count":3,"href":"https:\/\/cfshformationsport.com\/index.php\/wp-json\/wp\/v2\/pages\/311\/revisions"}],"predecessor-version":[{"id":386,"href":"https:\/\/cfshformationsport.com\/index.php\/wp-json\/wp\/v2\/pages\/311\/revisions\/386"}],"wp:featuredmedia":[{"embeddable":true,"href":"https:\/\/cfshformationsport.com\/index.php\/wp-json\/wp\/v2\/media\/210"}],"wp:attachment":[{"href":"https:\/\/cfshformationsport.com\/index.php\/wp-json\/wp\/v2\/media?parent=311"}],"curies":[{"name":"wp","href":"https:\/\/api.w.org\/{rel}","templated":true}]}}