{"id":16,"date":"2022-07-20T22:50:34","date_gmt":"2022-07-20T20:50:34","guid":{"rendered":"http:\/\/cfshformationsport.com\/?page_id=16"},"modified":"2025-06-12T16:57:20","modified_gmt":"2025-06-12T14:57:20","slug":"cfsh-sandra-higelin-formation-sport-sante-toulon","status":"publish","type":"page","link":"https:\/\/cfshformationsport.com\/index.php\/a-propos-de\/cfsh-sandra-higelin-formation-sport-sante-toulon\/","title":{"rendered":"Accueil"},"content":{"rendered":"\r\n<h1><span style=\"color: #0000ff;\">Bonjour et bienvenue sur le site du CFSH Formation Sport !<\/span><\/h1>\r\n<h2><span style=\"color: #0000ff;\">Je me pr\u00e9sente, Sandra Higelin, Pr\u00e9sidente et formatrice de l\u2019organisme de formation professionnelle CFSH.<\/span><\/h2>\r\n<p>Professionnelle de la Sant\u00e9 et instructrice en sport adapt\u00e9, j&rsquo;interviens principalement en milieu hospitalier, et suis sp\u00e9cialis\u00e9e dans la conception et la gestion de projets sportifs adapt\u00e9s, contribuant \u00e0 la sant\u00e9 physique, psychologique et sociale du pratiquant, conform\u00e9ment \u00e0 la d\u00e9finition de la sant\u00e9 sociale de l\u2019Organisation Mondiale de la Sant\u00e9 (OMS).<\/p>\r\n<h2>Description des savoirs fondamentaux que je mobilise depuis plus de 10 ans dans mon activit\u00e9 :<\/h2>\r\n<p>Direction de projets sportifs<\/p>\r\n<p>Pr\u00e9paration de projets strat\u00e9giques de performance en activit\u00e9 physique adapt\u00e9e<\/p>\r\n<p>Pilotage de syst\u00e8mes d\u2019entra\u00eenement\u00a0<\/p>\r\n<p>Connaissances des caract\u00e9ristiques g\u00e9n\u00e9rales des principales pathologies chroniques<\/p>\r\n<p>\u00c9valuation des syst\u00e8mes d\u2019entra\u00eenement\u00a0<\/p>\r\n<p>Organisation d\u2019actions de formation de formateurs dans le cadre de r\u00e9seaux professionnels<\/p>\r\n<p>Gestion et ma\u00eetrise de l\u2019\u00e9volution associative et d\u2019entreprise soutenant des valeurs d\u2019int\u00e9r\u00eat g\u00e9n\u00e9ral de sant\u00e9 publique et de s\u00e9curit\u00e9<\/p>\r\n<p>&nbsp;<\/p>\r\n<h2><span style=\"color: #0000ff;\">Je vous souhaite une bonne navigation sur le site du CFSH ! (<em>Vous pouvez cliquer sur \u00ab\u00a0Menu\u00a0\u00bb en haut de la page et naviguer selon vos choix)<\/em><\/span><\/h2>\r\n<p>&nbsp;<\/p>\r\n","protected":false},"excerpt":{"rendered":"<p>Bonjour et bienvenue sur le site du CFSH Formation Sport ! Je me pr\u00e9sente, Sandra Higelin, Pr\u00e9sidente et formatrice de l\u2019organisme de formation professionnelle CFSH. Professionnelle de la Sant\u00e9 et instructrice en sport adapt\u00e9, j&rsquo;interviens principalement en milieu hospitalier, et suis sp\u00e9cialis\u00e9e dans la conception et la gestion de projets sportifs adapt\u00e9s, contribuant \u00e0 la [&hellip;]<\/p>\n","protected":false},"author":1,"featured_media":205,"parent":6,"menu_order":0,"comment_status":"closed","ping_status":"closed","template":"","meta":{"footnotes":""},"class_list":["post-16","page","type-page","status-publish","has-post-thumbnail","hentry"],"yoast_head":"<!-- This site is optimized with the Yoast SEO plugin v19.4 - https:\/\/yoast.com\/wordpress\/plugins\/seo\/ -->\n<title>Accueil - CFSH FORMATION SPORT<\/title>\n<meta name=\"description\" content=\"Centre de formation professionnelle sp\u00e9cialis\u00e9 dans les activit\u00e9s physiques adapt\u00e9es-conception de projets sportifs-pr\u00e9vention sant\u00e9-sport\" \/>\n<meta name=\"robots\" content=\"index, follow, max-snippet:-1, max-image-preview:large, max-video-preview:-1\" \/>\n<link rel=\"canonical\" href=\"https:\/\/cfshformationsport.com\/index.php\/a-propos-de\/cfsh-sandra-higelin-formation-sport-sante-toulon\/\" \/>\n<meta property=\"og:locale\" content=\"fr_FR\" \/>\n<meta property=\"og:type\" content=\"article\" \/>\n<meta property=\"og:title\" content=\"Accueil - CFSH FORMATION SPORT\" \/>\n<meta property=\"og:description\" content=\"Centre de formation professionnelle sp\u00e9cialis\u00e9 dans les activit\u00e9s physiques adapt\u00e9es-conception de projets sportifs-pr\u00e9vention sant\u00e9-sport\" \/>\n<meta property=\"og:url\" content=\"https:\/\/cfshformationsport.com\/index.php\/a-propos-de\/cfsh-sandra-higelin-formation-sport-sante-toulon\/\" \/>\n<meta property=\"og:site_name\" content=\"CFSH FORMATION SPORT\" \/>\n<meta property=\"article:modified_time\" content=\"2025-06-12T14:57:20+00:00\" \/>\n<meta property=\"og:image\" content=\"https:\/\/cfshformationsport.com\/wp-content\/uploads\/2022\/08\/IMG_1435.jpg\" \/>\n\t<meta property=\"og:image:width\" content=\"828\" \/>\n\t<meta property=\"og:image:height\" content=\"410\" \/>\n\t<meta property=\"og:image:type\" content=\"image\/jpeg\" \/>\n<meta name=\"twitter:card\" content=\"summary_large_image\" \/>\n<meta name=\"twitter:label1\" content=\"Dur\u00e9e de lecture estim\u00e9e\" \/>\n\t<meta name=\"twitter:data1\" content=\"1 minute\" \/>\n<script type=\"application\/ld+json\" class=\"yoast-schema-graph\">{\"@context\":\"https:\/\/schema.org\",\"@graph\":[{\"@type\":\"Organization\",\"@id\":\"https:\/\/cfshformationsport.com\/#organization\",\"name\":\"CFSH Centre de Formation Sandra Higelin\",\"url\":\"https:\/\/cfshformationsport.com\/\",\"sameAs\":[],\"logo\":{\"@type\":\"ImageObject\",\"inLanguage\":\"fr-FR\",\"@id\":\"https:\/\/cfshformationsport.com\/#\/schema\/logo\/image\/\",\"url\":\"http:\/\/cfshformationsport.com\/wp-content\/uploads\/2022\/07\/cropped-cropped-cropped-logo_size-1.jpg\",\"contentUrl\":\"http:\/\/cfshformationsport.com\/wp-content\/uploads\/2022\/07\/cropped-cropped-cropped-logo_size-1.jpg\",\"width\":150,\"height\":38,\"caption\":\"CFSH Centre de Formation Sandra Higelin\"},\"image\":{\"@id\":\"https:\/\/cfshformationsport.com\/#\/schema\/logo\/image\/\"}},{\"@type\":\"WebSite\",\"@id\":\"https:\/\/cfshformationsport.com\/#website\",\"url\":\"https:\/\/cfshformationsport.com\/\",\"name\":\"CFSH FORMATION SPORT\",\"description\":\"&quot;certifi\u00e9 au titre de l&#039;action de formation&quot; \",\"publisher\":{\"@id\":\"https:\/\/cfshformationsport.com\/#organization\"},\"potentialAction\":[{\"@type\":\"SearchAction\",\"target\":{\"@type\":\"EntryPoint\",\"urlTemplate\":\"https:\/\/cfshformationsport.com\/?s={search_term_string}\"},\"query-input\":\"required name=search_term_string\"}],\"inLanguage\":\"fr-FR\"},{\"@type\":\"WebPage\",\"@id\":\"https:\/\/cfshformationsport.com\/index.php\/a-propos-de\/cfsh-sandra-higelin-formation-sport-sante-toulon\/\",\"url\":\"https:\/\/cfshformationsport.com\/index.php\/a-propos-de\/cfsh-sandra-higelin-formation-sport-sante-toulon\/\",\"name\":\"Accueil - CFSH FORMATION SPORT\",\"isPartOf\":{\"@id\":\"https:\/\/cfshformationsport.com\/#website\"},\"datePublished\":\"2022-07-20T20:50:34+00:00\",\"dateModified\":\"2025-06-12T14:57:20+00:00\",\"description\":\"Centre de formation professionnelle sp\u00e9cialis\u00e9 dans les activit\u00e9s physiques adapt\u00e9es-conception de projets sportifs-pr\u00e9vention sant\u00e9-sport\",\"breadcrumb\":{\"@id\":\"https:\/\/cfshformationsport.com\/index.php\/a-propos-de\/cfsh-sandra-higelin-formation-sport-sante-toulon\/#breadcrumb\"},\"inLanguage\":\"fr-FR\",\"potentialAction\":[{\"@type\":\"ReadAction\",\"target\":[\"https:\/\/cfshformationsport.com\/index.php\/a-propos-de\/cfsh-sandra-higelin-formation-sport-sante-toulon\/\"]}]},{\"@type\":\"BreadcrumbList\",\"@id\":\"https:\/\/cfshformationsport.com\/index.php\/a-propos-de\/cfsh-sandra-higelin-formation-sport-sante-toulon\/#breadcrumb\",\"itemListElement\":[{\"@type\":\"ListItem\",\"position\":1,\"name\":\"Accueil\",\"item\":\"https:\/\/cfshformationsport.com\/\"},{\"@type\":\"ListItem\",\"position\":2,\"name\":\"\u00c0 propos de\",\"item\":\"https:\/\/cfshformationsport.com\/index.php\/a-propos-de\/\"},{\"@type\":\"ListItem\",\"position\":3,\"name\":\"Accueil\"}]}]}<\/script>\n<!-- \/ Yoast SEO plugin. -->","yoast_head_json":{"title":"Accueil - CFSH FORMATION SPORT","description":"Centre de formation professionnelle sp\u00e9cialis\u00e9 dans les activit\u00e9s physiques adapt\u00e9es-conception de projets sportifs-pr\u00e9vention sant\u00e9-sport","robots":{"index":"index","follow":"follow","max-snippet":"max-snippet:-1","max-image-preview":"max-image-preview:large","max-video-preview":"max-video-preview:-1"},"canonical":"https:\/\/cfshformationsport.com\/index.php\/a-propos-de\/cfsh-sandra-higelin-formation-sport-sante-toulon\/","og_locale":"fr_FR","og_type":"article","og_title":"Accueil - CFSH FORMATION SPORT","og_description":"Centre de formation professionnelle sp\u00e9cialis\u00e9 dans les activit\u00e9s physiques adapt\u00e9es-conception de projets sportifs-pr\u00e9vention sant\u00e9-sport","og_url":"https:\/\/cfshformationsport.com\/index.php\/a-propos-de\/cfsh-sandra-higelin-formation-sport-sante-toulon\/","og_site_name":"CFSH FORMATION SPORT","article_modified_time":"2025-06-12T14:57:20+00:00","og_image":[{"width":828,"height":410,"url":"https:\/\/cfshformationsport.com\/wp-content\/uploads\/2022\/08\/IMG_1435.jpg","type":"image\/jpeg"}],"twitter_card":"summary_large_image","twitter_misc":{"Dur\u00e9e de lecture estim\u00e9e":"1 minute"},"schema":{"@context":"https:\/\/schema.org","@graph":[{"@type":"Organization","@id":"https:\/\/cfshformationsport.com\/#organization","name":"CFSH Centre de Formation Sandra Higelin","url":"https:\/\/cfshformationsport.com\/","sameAs":[],"logo":{"@type":"ImageObject","inLanguage":"fr-FR","@id":"https:\/\/cfshformationsport.com\/#\/schema\/logo\/image\/","url":"http:\/\/cfshformationsport.com\/wp-content\/uploads\/2022\/07\/cropped-cropped-cropped-logo_size-1.jpg","contentUrl":"http:\/\/cfshformationsport.com\/wp-content\/uploads\/2022\/07\/cropped-cropped-cropped-logo_size-1.jpg","width":150,"height":38,"caption":"CFSH Centre de Formation Sandra Higelin"},"image":{"@id":"https:\/\/cfshformationsport.com\/#\/schema\/logo\/image\/"}},{"@type":"WebSite","@id":"https:\/\/cfshformationsport.com\/#website","url":"https:\/\/cfshformationsport.com\/","name":"CFSH FORMATION SPORT","description":"&quot;certifi\u00e9 au titre de l&#039;action de formation&quot; ","publisher":{"@id":"https:\/\/cfshformationsport.com\/#organization"},"potentialAction":[{"@type":"SearchAction","target":{"@type":"EntryPoint","urlTemplate":"https:\/\/cfshformationsport.com\/?s={search_term_string}"},"query-input":"required name=search_term_string"}],"inLanguage":"fr-FR"},{"@type":"WebPage","@id":"https:\/\/cfshformationsport.com\/index.php\/a-propos-de\/cfsh-sandra-higelin-formation-sport-sante-toulon\/","url":"https:\/\/cfshformationsport.com\/index.php\/a-propos-de\/cfsh-sandra-higelin-formation-sport-sante-toulon\/","name":"Accueil - CFSH FORMATION SPORT","isPartOf":{"@id":"https:\/\/cfshformationsport.com\/#website"},"datePublished":"2022-07-20T20:50:34+00:00","dateModified":"2025-06-12T14:57:20+00:00","description":"Centre de formation professionnelle sp\u00e9cialis\u00e9 dans les activit\u00e9s physiques adapt\u00e9es-conception de projets sportifs-pr\u00e9vention sant\u00e9-sport","breadcrumb":{"@id":"https:\/\/cfshformationsport.com\/index.php\/a-propos-de\/cfsh-sandra-higelin-formation-sport-sante-toulon\/#breadcrumb"},"inLanguage":"fr-FR","potentialAction":[{"@type":"ReadAction","target":["https:\/\/cfshformationsport.com\/index.php\/a-propos-de\/cfsh-sandra-higelin-formation-sport-sante-toulon\/"]}]},{"@type":"BreadcrumbList","@id":"https:\/\/cfshformationsport.com\/index.php\/a-propos-de\/cfsh-sandra-higelin-formation-sport-sante-toulon\/#breadcrumb","itemListElement":[{"@type":"ListItem","position":1,"name":"Accueil","item":"https:\/\/cfshformationsport.com\/"},{"@type":"ListItem","position":2,"name":"\u00c0 propos de","item":"https:\/\/cfshformationsport.com\/index.php\/a-propos-de\/"},{"@type":"ListItem","position":3,"name":"Accueil"}]}]}},"_links":{"self":[{"href":"https:\/\/cfshformationsport.com\/index.php\/wp-json\/wp\/v2\/pages\/16","targetHints":{"allow":["GET"]}}],"collection":[{"href":"https:\/\/cfshformationsport.com\/index.php\/wp-json\/wp\/v2\/pages"}],"about":[{"href":"https:\/\/cfshformationsport.com\/index.php\/wp-json\/wp\/v2\/types\/page"}],"author":[{"embeddable":true,"href":"https:\/\/cfshformationsport.com\/index.php\/wp-json\/wp\/v2\/users\/1"}],"replies":[{"embeddable":true,"href":"https:\/\/cfshformationsport.com\/index.php\/wp-json\/wp\/v2\/comments?post=16"}],"version-history":[{"count":42,"href":"https:\/\/cfshformationsport.com\/index.php\/wp-json\/wp\/v2\/pages\/16\/revisions"}],"predecessor-version":[{"id":449,"href":"https:\/\/cfshformationsport.com\/index.php\/wp-json\/wp\/v2\/pages\/16\/revisions\/449"}],"up":[{"embeddable":true,"href":"https:\/\/cfshformationsport.com\/index.php\/wp-json\/wp\/v2\/pages\/6"}],"wp:featuredmedia":[{"embeddable":true,"href":"https:\/\/cfshformationsport.com\/index.php\/wp-json\/wp\/v2\/media\/205"}],"wp:attachment":[{"href":"https:\/\/cfshformationsport.com\/index.php\/wp-json\/wp\/v2\/media?parent=16"}],"curies":[{"name":"wp","href":"https:\/\/api.w.org\/{rel}","templated":true}]}}